{"id":8536,"date":"2026-04-24T07:47:48","date_gmt":"2026-04-24T07:47:48","guid":{"rendered":"https:\/\/juancaraballo.es\/?page_id=8536"},"modified":"2026-04-24T07:47:48","modified_gmt":"2026-04-24T07:47:48","slug":"plan-de-habitos-de-vida-saludable","status":"publish","type":"page","link":"https:\/\/juancaraballo.es\/?page_id=8536","title":{"rendered":"PLAN DE H\u00c1BITOS DE VIDA SALUDABLE"},"content":{"rendered":"\n<p class=\"has-text-align-center\">El pr\u00f3ximo martes 28 comenzamos con el tercer reparto de fruta que conlleva el Plan de H\u00e1bitos de vida saludable que trabajamos en el cole, en esta ocasi\u00f3n se repartir\u00e1:<br>GAZPACHO ECOL\u00d3GICO.<br>NECTARINA.<br>TOMATE CHERRY ECOL\u00d3GICO.<br>Esa es la fruta que corresponde con la primera entrega, iremos avisando con las siguientes y adem\u00e1s tambi\u00e9n se publicar\u00e1 en la web del centro.<br>Aconsejamos que los alumnos\/as traigan un taper o recipiente de pl\u00e1stico para su facilitar su consumo y, en esta ocasi\u00f3n, tambi\u00e9n un VASO DE PL\u00c1STICO para beber el gazpacho.<br>GRACIAS POR VUESTRA COLABORACI\u00d3N.<\/p>\n","protected":false},"excerpt":{"rendered":"<p>El pr\u00f3ximo martes 28 comenzamos con el tercer reparto de fruta que conlleva el Plan de H\u00e1bitos de vida saludable que trabajamos en el cole, en esta ocasi\u00f3n se repartir\u00e1:GAZPACHO ECOL\u00d3GICO.NECTARINA.TOMATE CHERRY ECOL\u00d3GICO.Esa es la fruta que corresponde con la primera entrega, iremos avisando con las siguientes y adem\u00e1s tambi\u00e9n se publicar\u00e1 en la web [&hellip;]<\/p>\n","protected":false},"author":1,"featured_media":0,"parent":0,"menu_order":0,"comment_status":"closed","ping_status":"closed","template":"","meta":{"footnotes":""},"class_list":["post-8536","page","type-page","status-publish","hentry"],"_links":{"self":[{"href":"https:\/\/juancaraballo.es\/index.php?rest_route=\/wp\/v2\/pages\/8536","targetHints":{"allow":["GET"]}}],"collection":[{"href":"https:\/\/juancaraballo.es\/index.php?rest_route=\/wp\/v2\/pages"}],"about":[{"href":"https:\/\/juancaraballo.es\/index.php?rest_route=\/wp\/v2\/types\/page"}],"author":[{"embeddable":true,"href":"https:\/\/juancaraballo.es\/index.php?rest_route=\/wp\/v2\/users\/1"}],"replies":[{"embeddable":true,"href":"https:\/\/juancaraballo.es\/index.php?rest_route=%2Fwp%2Fv2%2Fcomments&post=8536"}],"version-history":[{"count":1,"href":"https:\/\/juancaraballo.es\/index.php?rest_route=\/wp\/v2\/pages\/8536\/revisions"}],"predecessor-version":[{"id":8537,"href":"https:\/\/juancaraballo.es\/index.php?rest_route=\/wp\/v2\/pages\/8536\/revisions\/8537"}],"wp:attachment":[{"href":"https:\/\/juancaraballo.es\/index.php?rest_route=%2Fwp%2Fv2%2Fmedia&parent=8536"}],"curies":[{"name":"wp","href":"https:\/\/api.w.org\/{rel}","templated":true}]}}