{"id":8531,"date":"2026-04-21T15:50:10","date_gmt":"2026-04-21T15:50:10","guid":{"rendered":"https:\/\/juancaraballo.es\/?page_id=8531"},"modified":"2026-04-21T15:50:10","modified_gmt":"2026-04-21T15:50:10","slug":"horario-atencion-equipo-directivo","status":"publish","type":"page","link":"https:\/\/juancaraballo.es\/?page_id=8531","title":{"rendered":"HORARIO ATENCI\u00d3N EQUIPO DIRECTIVO"},"content":{"rendered":"\n<p class=\"has-text-align-center\">Estimadas familias:<\/p>\n\n\n\n<p class=\"has-text-align-center\">Les recordamos los horarios de atenci\u00f3n a las familias por parte del equipo directivo del centro:<\/p>\n\n\n\n<p class=\"has-text-align-center\">La directora atender\u00e1 los lunes de 9:00 a 11:00 horas.<br>La jefa de estudios atender\u00e1 los viernes de 11:00 a 12:00 horas.<\/p>\n\n\n\n<p class=\"has-text-align-center\">La atenci\u00f3n se realizar\u00e1 con cita previa, que podr\u00e1n solicitar a trav\u00e9s de los canales habituales del centro.<\/p>\n\n\n\n<p class=\"has-text-align-center\">Agradecemos su colaboraci\u00f3n.<\/p>\n\n\n\n<p class=\"has-text-align-center\">Atentamente, La Direcci\u00f3n.<\/p>\n","protected":false},"excerpt":{"rendered":"<p>Estimadas familias: Les recordamos los horarios de atenci\u00f3n a las familias por parte del equipo directivo del centro: La directora atender\u00e1 los lunes de 9:00 a 11:00 horas.La jefa de estudios atender\u00e1 los viernes de 11:00 a 12:00 horas. La atenci\u00f3n se realizar\u00e1 con cita previa, que podr\u00e1n solicitar a trav\u00e9s de los canales habituales [&hellip;]<\/p>\n","protected":false},"author":1,"featured_media":0,"parent":0,"menu_order":0,"comment_status":"closed","ping_status":"closed","template":"","meta":{"footnotes":""},"class_list":["post-8531","page","type-page","status-publish","hentry"],"_links":{"self":[{"href":"https:\/\/juancaraballo.es\/index.php?rest_route=\/wp\/v2\/pages\/8531","targetHints":{"allow":["GET"]}}],"collection":[{"href":"https:\/\/juancaraballo.es\/index.php?rest_route=\/wp\/v2\/pages"}],"about":[{"href":"https:\/\/juancaraballo.es\/index.php?rest_route=\/wp\/v2\/types\/page"}],"author":[{"embeddable":true,"href":"https:\/\/juancaraballo.es\/index.php?rest_route=\/wp\/v2\/users\/1"}],"replies":[{"embeddable":true,"href":"https:\/\/juancaraballo.es\/index.php?rest_route=%2Fwp%2Fv2%2Fcomments&post=8531"}],"version-history":[{"count":1,"href":"https:\/\/juancaraballo.es\/index.php?rest_route=\/wp\/v2\/pages\/8531\/revisions"}],"predecessor-version":[{"id":8532,"href":"https:\/\/juancaraballo.es\/index.php?rest_route=\/wp\/v2\/pages\/8531\/revisions\/8532"}],"wp:attachment":[{"href":"https:\/\/juancaraballo.es\/index.php?rest_route=%2Fwp%2Fv2%2Fmedia&parent=8531"}],"curies":[{"name":"wp","href":"https:\/\/api.w.org\/{rel}","templated":true}]}}