{"id":8524,"date":"2026-04-09T18:56:37","date_gmt":"2026-04-09T18:56:37","guid":{"rendered":"https:\/\/juancaraballo.es\/?page_id=8524"},"modified":"2026-04-13T10:31:51","modified_gmt":"2026-04-13T10:31:51","slug":"carteles-ganadores-de-cada-clase","status":"publish","type":"page","link":"https:\/\/juancaraballo.es\/?page_id=8524","title":{"rendered":"CARTELES GANADORES DE CADA CLASE"},"content":{"rendered":"\n<p class=\"has-text-align-center\"><\/p>\n\n\n\n<figure class=\"wp-block-image size-large\"><img loading=\"lazy\" decoding=\"async\" width=\"725\" height=\"1024\" src=\"http:\/\/juancaraballo.es\/wp-content\/uploads\/2026\/04\/Importaciones-11-de-13-725x1024.jpeg\" alt=\"\" class=\"wp-image-8521\" srcset=\"https:\/\/juancaraballo.es\/wp-content\/uploads\/2026\/04\/Importaciones-11-de-13-725x1024.jpeg 725w, https:\/\/juancaraballo.es\/wp-content\/uploads\/2026\/04\/Importaciones-11-de-13-212x300.jpeg 212w, https:\/\/juancaraballo.es\/wp-content\/uploads\/2026\/04\/Importaciones-11-de-13-768x1085.jpeg 768w, https:\/\/juancaraballo.es\/wp-content\/uploads\/2026\/04\/Importaciones-11-de-13-1087x1536.jpeg 1087w, https:\/\/juancaraballo.es\/wp-content\/uploads\/2026\/04\/Importaciones-11-de-13-1449x2048.jpeg 1449w, https:\/\/juancaraballo.es\/wp-content\/uploads\/2026\/04\/Importaciones-11-de-13-scaled.jpeg 1811w\" sizes=\"auto, (max-width: 725px) 100vw, 725px\" \/><\/figure>\n\n\n\n<p class=\"has-text-align-center\"><strong>INFANTIL 3 A\u00d1OS: CAYETANA S\u00c1NCHEZ KYYRIAINEN<\/strong><\/p>\n\n\n\n<figure class=\"wp-block-image size-large\"><img loading=\"lazy\" decoding=\"async\" width=\"725\" height=\"1024\" src=\"http:\/\/juancaraballo.es\/wp-content\/uploads\/2026\/04\/Importaciones-12-de-13-725x1024.jpeg\" alt=\"\" class=\"wp-image-8522\" srcset=\"https:\/\/juancaraballo.es\/wp-content\/uploads\/2026\/04\/Importaciones-12-de-13-725x1024.jpeg 725w, https:\/\/juancaraballo.es\/wp-content\/uploads\/2026\/04\/Importaciones-12-de-13-212x300.jpeg 212w, https:\/\/juancaraballo.es\/wp-content\/uploads\/2026\/04\/Importaciones-12-de-13-768x1085.jpeg 768w, https:\/\/juancaraballo.es\/wp-content\/uploads\/2026\/04\/Importaciones-12-de-13-1087x1536.jpeg 1087w, https:\/\/juancaraballo.es\/wp-content\/uploads\/2026\/04\/Importaciones-12-de-13-1449x2048.jpeg 1449w, https:\/\/juancaraballo.es\/wp-content\/uploads\/2026\/04\/Importaciones-12-de-13-scaled.jpeg 1811w\" sizes=\"auto, (max-width: 725px) 100vw, 725px\" \/><\/figure>\n\n\n\n<p class=\"has-text-align-center\"><strong>INFANTIL 4 A\u00d1OS: BLANCA ALBA POSTIGO<\/strong><\/p>\n\n\n\n<figure class=\"wp-block-image size-large\"><img loading=\"lazy\" decoding=\"async\" width=\"725\" height=\"1024\" src=\"http:\/\/juancaraballo.es\/wp-content\/uploads\/2026\/04\/Importaciones-13-de-13-725x1024.jpeg\" alt=\"\" class=\"wp-image-8523\" srcset=\"https:\/\/juancaraballo.es\/wp-content\/uploads\/2026\/04\/Importaciones-13-de-13-725x1024.jpeg 725w, https:\/\/juancaraballo.es\/wp-content\/uploads\/2026\/04\/Importaciones-13-de-13-212x300.jpeg 212w, https:\/\/juancaraballo.es\/wp-content\/uploads\/2026\/04\/Importaciones-13-de-13-768x1085.jpeg 768w, https:\/\/juancaraballo.es\/wp-content\/uploads\/2026\/04\/Importaciones-13-de-13-1087x1536.jpeg 1087w, https:\/\/juancaraballo.es\/wp-content\/uploads\/2026\/04\/Importaciones-13-de-13-1449x2048.jpeg 1449w, https:\/\/juancaraballo.es\/wp-content\/uploads\/2026\/04\/Importaciones-13-de-13-scaled.jpeg 1811w\" sizes=\"auto, (max-width: 725px) 100vw, 725px\" \/><\/figure>\n\n\n\n<p class=\"has-text-align-center\"><strong>INFANTIL 5 A\u00d1OS: CARMEN L\u00d3PEZ FERN\u00c1NDEZ<\/strong><\/p>\n\n\n\n<figure class=\"wp-block-image size-large\"><img loading=\"lazy\" decoding=\"async\" width=\"724\" height=\"1024\" src=\"http:\/\/juancaraballo.es\/wp-content\/uploads\/2026\/04\/Importaciones-10-de-13-724x1024.jpeg\" alt=\"\" class=\"wp-image-8520\" srcset=\"https:\/\/juancaraballo.es\/wp-content\/uploads\/2026\/04\/Importaciones-10-de-13-724x1024.jpeg 724w, https:\/\/juancaraballo.es\/wp-content\/uploads\/2026\/04\/Importaciones-10-de-13-212x300.jpeg 212w, https:\/\/juancaraballo.es\/wp-content\/uploads\/2026\/04\/Importaciones-10-de-13-768x1086.jpeg 768w, https:\/\/juancaraballo.es\/wp-content\/uploads\/2026\/04\/Importaciones-10-de-13-1086x1536.jpeg 1086w, https:\/\/juancaraballo.es\/wp-content\/uploads\/2026\/04\/Importaciones-10-de-13-1448x2048.jpeg 1448w, https:\/\/juancaraballo.es\/wp-content\/uploads\/2026\/04\/Importaciones-10-de-13-scaled.jpeg 1810w\" sizes=\"auto, (max-width: 724px) 100vw, 724px\" \/><\/figure>\n\n\n\n<p class=\"has-text-align-center\"><strong>CURSO 1\u00ba A: JIMENA RODR\u00cdGUEZ OTERO<\/strong><\/p>\n\n\n\n<figure class=\"wp-block-image size-full\"><img loading=\"lazy\" decoding=\"async\" width=\"724\" height=\"1024\" src=\"http:\/\/juancaraballo.es\/wp-content\/uploads\/2026\/04\/Importaciones-1-de-13.jpeg\" alt=\"\" class=\"wp-image-8511\" srcset=\"https:\/\/juancaraballo.es\/wp-content\/uploads\/2026\/04\/Importaciones-1-de-13.jpeg 724w, https:\/\/juancaraballo.es\/wp-content\/uploads\/2026\/04\/Importaciones-1-de-13-212x300.jpeg 212w\" sizes=\"auto, (max-width: 724px) 100vw, 724px\" \/><\/figure>\n\n\n\n<p class=\"has-text-align-center\"><strong>CURSO 1\u00ba B: SHU YI LIN<\/strong><\/p>\n\n\n\n<figure class=\"wp-block-image size-large\"><img loading=\"lazy\" decoding=\"async\" width=\"724\" height=\"1024\" src=\"http:\/\/juancaraballo.es\/wp-content\/uploads\/2026\/04\/Importaciones-9-de-13-724x1024.jpeg\" alt=\"\" class=\"wp-image-8519\" srcset=\"https:\/\/juancaraballo.es\/wp-content\/uploads\/2026\/04\/Importaciones-9-de-13-724x1024.jpeg 724w, https:\/\/juancaraballo.es\/wp-content\/uploads\/2026\/04\/Importaciones-9-de-13-212x300.jpeg 212w, https:\/\/juancaraballo.es\/wp-content\/uploads\/2026\/04\/Importaciones-9-de-13-768x1086.jpeg 768w, https:\/\/juancaraballo.es\/wp-content\/uploads\/2026\/04\/Importaciones-9-de-13-1086x1536.jpeg 1086w, https:\/\/juancaraballo.es\/wp-content\/uploads\/2026\/04\/Importaciones-9-de-13-1448x2048.jpeg 1448w, https:\/\/juancaraballo.es\/wp-content\/uploads\/2026\/04\/Importaciones-9-de-13-scaled.jpeg 1810w\" sizes=\"auto, (max-width: 724px) 100vw, 724px\" \/><\/figure>\n\n\n\n<p class=\"has-text-align-center\"><strong>CURSO 2\u00ba A:  FERNANDO GARC\u00cdA RAMOS<\/strong><\/p>\n\n\n\n<figure class=\"wp-block-image size-full\"><img loading=\"lazy\" decoding=\"async\" width=\"724\" height=\"1024\" src=\"http:\/\/juancaraballo.es\/wp-content\/uploads\/2026\/04\/Importaciones-4-de-13.jpeg\" alt=\"\" class=\"wp-image-8514\" srcset=\"https:\/\/juancaraballo.es\/wp-content\/uploads\/2026\/04\/Importaciones-4-de-13.jpeg 724w, https:\/\/juancaraballo.es\/wp-content\/uploads\/2026\/04\/Importaciones-4-de-13-212x300.jpeg 212w\" sizes=\"auto, (max-width: 724px) 100vw, 724px\" \/><\/figure>\n\n\n\n<p class=\"has-text-align-center\"><strong>CURSO 3\u00ba A: AURORA PASTOR MAC\u00cdAS<\/strong><\/p>\n\n\n\n<figure class=\"wp-block-image size-full\"><img loading=\"lazy\" decoding=\"async\" width=\"724\" height=\"1024\" src=\"http:\/\/juancaraballo.es\/wp-content\/uploads\/2026\/04\/Importaciones-2-de-13.jpeg\" alt=\"\" class=\"wp-image-8512\" srcset=\"https:\/\/juancaraballo.es\/wp-content\/uploads\/2026\/04\/Importaciones-2-de-13.jpeg 724w, https:\/\/juancaraballo.es\/wp-content\/uploads\/2026\/04\/Importaciones-2-de-13-212x300.jpeg 212w\" sizes=\"auto, (max-width: 724px) 100vw, 724px\" \/><\/figure>\n\n\n\n<p class=\"has-text-align-center\"><strong>CURSO 4\u00ba A: ADRI\u00c1N INFANTE M\u00cdGUEZ<\/strong><\/p>\n\n\n\n<figure class=\"wp-block-image size-large\"><img loading=\"lazy\" decoding=\"async\" width=\"724\" height=\"1024\" src=\"http:\/\/juancaraballo.es\/wp-content\/uploads\/2026\/04\/Importaciones-8-de-13-724x1024.jpeg\" alt=\"\" class=\"wp-image-8518\" srcset=\"https:\/\/juancaraballo.es\/wp-content\/uploads\/2026\/04\/Importaciones-8-de-13-724x1024.jpeg 724w, https:\/\/juancaraballo.es\/wp-content\/uploads\/2026\/04\/Importaciones-8-de-13-212x300.jpeg 212w, https:\/\/juancaraballo.es\/wp-content\/uploads\/2026\/04\/Importaciones-8-de-13-768x1086.jpeg 768w, https:\/\/juancaraballo.es\/wp-content\/uploads\/2026\/04\/Importaciones-8-de-13-1086x1536.jpeg 1086w, https:\/\/juancaraballo.es\/wp-content\/uploads\/2026\/04\/Importaciones-8-de-13-1448x2048.jpeg 1448w, https:\/\/juancaraballo.es\/wp-content\/uploads\/2026\/04\/Importaciones-8-de-13-scaled.jpeg 1810w\" sizes=\"auto, (max-width: 724px) 100vw, 724px\" \/><\/figure>\n\n\n\n<p class=\"has-text-align-center\"><strong>CURSO 4\u00ba B: BIANCA MAR\u00cdN DOM\u00cdNGUEZ<\/strong><\/p>\n\n\n\n<figure class=\"wp-block-image size-large\"><img loading=\"lazy\" decoding=\"async\" width=\"724\" height=\"1024\" src=\"http:\/\/juancaraballo.es\/wp-content\/uploads\/2026\/04\/Importaciones-7-de-13-724x1024.jpeg\" alt=\"\" class=\"wp-image-8517\" srcset=\"https:\/\/juancaraballo.es\/wp-content\/uploads\/2026\/04\/Importaciones-7-de-13-724x1024.jpeg 724w, https:\/\/juancaraballo.es\/wp-content\/uploads\/2026\/04\/Importaciones-7-de-13-212x300.jpeg 212w, https:\/\/juancaraballo.es\/wp-content\/uploads\/2026\/04\/Importaciones-7-de-13-768x1086.jpeg 768w, https:\/\/juancaraballo.es\/wp-content\/uploads\/2026\/04\/Importaciones-7-de-13-1086x1536.jpeg 1086w, https:\/\/juancaraballo.es\/wp-content\/uploads\/2026\/04\/Importaciones-7-de-13-1448x2048.jpeg 1448w, https:\/\/juancaraballo.es\/wp-content\/uploads\/2026\/04\/Importaciones-7-de-13-scaled.jpeg 1810w\" sizes=\"auto, (max-width: 724px) 100vw, 724px\" \/><\/figure>\n\n\n\n<p class=\"has-text-align-center\"><strong>CURSO 5\u00ba A: MART\u00cdN VERA D\u00cdAZ<\/strong><\/p>\n\n\n\n<figure class=\"wp-block-image size-large\"><img loading=\"lazy\" decoding=\"async\" width=\"724\" height=\"1024\" src=\"http:\/\/juancaraballo.es\/wp-content\/uploads\/2026\/04\/Importaciones-6-de-13-724x1024.jpeg\" alt=\"\" class=\"wp-image-8516\" srcset=\"https:\/\/juancaraballo.es\/wp-content\/uploads\/2026\/04\/Importaciones-6-de-13-724x1024.jpeg 724w, https:\/\/juancaraballo.es\/wp-content\/uploads\/2026\/04\/Importaciones-6-de-13-212x300.jpeg 212w, https:\/\/juancaraballo.es\/wp-content\/uploads\/2026\/04\/Importaciones-6-de-13-768x1086.jpeg 768w, https:\/\/juancaraballo.es\/wp-content\/uploads\/2026\/04\/Importaciones-6-de-13-1086x1536.jpeg 1086w, https:\/\/juancaraballo.es\/wp-content\/uploads\/2026\/04\/Importaciones-6-de-13-1448x2048.jpeg 1448w, https:\/\/juancaraballo.es\/wp-content\/uploads\/2026\/04\/Importaciones-6-de-13-scaled.jpeg 1810w\" sizes=\"auto, (max-width: 724px) 100vw, 724px\" \/><\/figure>\n\n\n\n<p class=\"has-text-align-center\"><strong>CURSO 5\u00ba B: MARTA G\u00d3MEZ FERN\u00c1NDEZ<\/strong><\/p>\n\n\n\n<figure class=\"wp-block-image size-large\"><img loading=\"lazy\" decoding=\"async\" width=\"724\" height=\"1024\" src=\"http:\/\/juancaraballo.es\/wp-content\/uploads\/2026\/04\/Importaciones-5-de-13-724x1024.jpeg\" alt=\"\" class=\"wp-image-8515\" srcset=\"https:\/\/juancaraballo.es\/wp-content\/uploads\/2026\/04\/Importaciones-5-de-13-724x1024.jpeg 724w, https:\/\/juancaraballo.es\/wp-content\/uploads\/2026\/04\/Importaciones-5-de-13-212x300.jpeg 212w, https:\/\/juancaraballo.es\/wp-content\/uploads\/2026\/04\/Importaciones-5-de-13-768x1086.jpeg 768w, https:\/\/juancaraballo.es\/wp-content\/uploads\/2026\/04\/Importaciones-5-de-13-1086x1536.jpeg 1086w, https:\/\/juancaraballo.es\/wp-content\/uploads\/2026\/04\/Importaciones-5-de-13-1448x2048.jpeg 1448w, https:\/\/juancaraballo.es\/wp-content\/uploads\/2026\/04\/Importaciones-5-de-13-scaled.jpeg 1810w\" sizes=\"auto, (max-width: 724px) 100vw, 724px\" \/><\/figure>\n\n\n\n<p class=\"has-text-align-center\"><strong>CURSO 6\u00ba A: ALMA VARELA CARDOSO<\/strong><\/p>\n\n\n\n<figure class=\"wp-block-image size-full\"><img loading=\"lazy\" decoding=\"async\" width=\"724\" height=\"1024\" src=\"http:\/\/juancaraballo.es\/wp-content\/uploads\/2026\/04\/Importaciones-3-de-13.jpeg\" alt=\"\" class=\"wp-image-8513\" srcset=\"https:\/\/juancaraballo.es\/wp-content\/uploads\/2026\/04\/Importaciones-3-de-13.jpeg 724w, https:\/\/juancaraballo.es\/wp-content\/uploads\/2026\/04\/Importaciones-3-de-13-212x300.jpeg 212w\" sizes=\"auto, (max-width: 724px) 100vw, 724px\" \/><\/figure>\n\n\n\n<p class=\"has-text-align-center\"><strong>CURSO 6\u00ba B: NEREA CAMACHO NOGUEROL<\/strong><\/p>\n","protected":false},"excerpt":{"rendered":"<p>INFANTIL 3 A\u00d1OS: CAYETANA S\u00c1NCHEZ KYYRIAINEN INFANTIL 4 A\u00d1OS: BLANCA ALBA POSTIGO INFANTIL 5 A\u00d1OS: CARMEN L\u00d3PEZ FERN\u00c1NDEZ CURSO 1\u00ba A: JIMENA RODR\u00cdGUEZ OTERO CURSO 1\u00ba B: SHU YI LIN CURSO 2\u00ba A: FERNANDO GARC\u00cdA RAMOS CURSO 3\u00ba A: AURORA PASTOR MAC\u00cdAS CURSO 4\u00ba A: ADRI\u00c1N INFANTE M\u00cdGUEZ CURSO 4\u00ba B: BIANCA MAR\u00cdN DOM\u00cdNGUEZ CURSO [&hellip;]<\/p>\n","protected":false},"author":1,"featured_media":0,"parent":0,"menu_order":0,"comment_status":"closed","ping_status":"closed","template":"","meta":{"footnotes":""},"class_list":["post-8524","page","type-page","status-publish","hentry"],"_links":{"self":[{"href":"https:\/\/juancaraballo.es\/index.php?rest_route=\/wp\/v2\/pages\/8524","targetHints":{"allow":["GET"]}}],"collection":[{"href":"https:\/\/juancaraballo.es\/index.php?rest_route=\/wp\/v2\/pages"}],"about":[{"href":"https:\/\/juancaraballo.es\/index.php?rest_route=\/wp\/v2\/types\/page"}],"author":[{"embeddable":true,"href":"https:\/\/juancaraballo.es\/index.php?rest_route=\/wp\/v2\/users\/1"}],"replies":[{"embeddable":true,"href":"https:\/\/juancaraballo.es\/index.php?rest_route=%2Fwp%2Fv2%2Fcomments&post=8524"}],"version-history":[{"count":4,"href":"https:\/\/juancaraballo.es\/index.php?rest_route=\/wp\/v2\/pages\/8524\/revisions"}],"predecessor-version":[{"id":8529,"href":"https:\/\/juancaraballo.es\/index.php?rest_route=\/wp\/v2\/pages\/8524\/revisions\/8529"}],"wp:attachment":[{"href":"https:\/\/juancaraballo.es\/index.php?rest_route=%2Fwp%2Fv2%2Fmedia&parent=8524"}],"curies":[{"name":"wp","href":"https:\/\/api.w.org\/{rel}","templated":true}]}}