{"id":8464,"date":"2026-02-17T17:26:57","date_gmt":"2026-02-17T17:26:57","guid":{"rendered":"https:\/\/juancaraballo.es\/?page_id=8464"},"modified":"2026-02-17T17:36:00","modified_gmt":"2026-02-17T17:36:00","slug":"plan-habitos-vida-saludable","status":"publish","type":"page","link":"https:\/\/juancaraballo.es\/?page_id=8464","title":{"rendered":"PLAN H\u00c1BITOS VIDA SALUDABLE"},"content":{"rendered":"\n<p class=\"has-text-align-center\">El pr\u00f3ximo mi\u00e9rcoles 18 comenzamos con el reparto de fruta que conlleva el Plan de H\u00e1bitos de vida saludable que trabajamos en el centro.  Se repartir\u00e1n a la hora del recreo los siguientes productos:<\/p>\n\n\n\n<p class=\"has-text-align-center\">NARANJA ECOL\u00d3GICA EN IVG GAMA (FRUTA CORTADA)<br>MANDARINA ECOL\u00d3GICA<br>ZANAHORIA ECOL\u00d3GICA<br>AOVE (Aceite de Oliva Virgen Extra)<\/p>\n\n\n\n<p class=\"has-text-align-center\">Aconsejamos que los alumnos\/as traigan un taper o recipiente de pl\u00e1stico para su facilitar su consumo. Gracias por su colaboraci\u00f3n. <\/p>\n\n\n<div class=\"wp-block-image\">\n<figure class=\"aligncenter size-full is-resized\"><img loading=\"lazy\" decoding=\"async\" width=\"862\" height=\"776\" src=\"https:\/\/juancaraballo.es\/wp-content\/uploads\/2026\/02\/Captura-de-pantalla-2026-02-17-a-las-18.26.22.png\" alt=\"\" class=\"wp-image-8466\" style=\"width:186px;height:auto\" srcset=\"https:\/\/juancaraballo.es\/wp-content\/uploads\/2026\/02\/Captura-de-pantalla-2026-02-17-a-las-18.26.22.png 862w, https:\/\/juancaraballo.es\/wp-content\/uploads\/2026\/02\/Captura-de-pantalla-2026-02-17-a-las-18.26.22-300x270.png 300w, https:\/\/juancaraballo.es\/wp-content\/uploads\/2026\/02\/Captura-de-pantalla-2026-02-17-a-las-18.26.22-768x691.png 768w\" sizes=\"auto, (max-width: 862px) 100vw, 862px\" \/><\/figure><\/div>","protected":false},"excerpt":{"rendered":"<p>El pr\u00f3ximo mi\u00e9rcoles 18 comenzamos con el reparto de fruta que conlleva el Plan de H\u00e1bitos de vida saludable que trabajamos en el centro. Se repartir\u00e1n a la hora del recreo los siguientes productos: NARANJA ECOL\u00d3GICA EN IVG GAMA (FRUTA CORTADA)MANDARINA ECOL\u00d3GICAZANAHORIA ECOL\u00d3GICAAOVE (Aceite de Oliva Virgen Extra) Aconsejamos que los alumnos\/as traigan un taper [&hellip;]<\/p>\n","protected":false},"author":1,"featured_media":0,"parent":0,"menu_order":0,"comment_status":"closed","ping_status":"closed","template":"","meta":{"footnotes":""},"class_list":["post-8464","page","type-page","status-publish","hentry"],"_links":{"self":[{"href":"https:\/\/juancaraballo.es\/index.php?rest_route=\/wp\/v2\/pages\/8464","targetHints":{"allow":["GET"]}}],"collection":[{"href":"https:\/\/juancaraballo.es\/index.php?rest_route=\/wp\/v2\/pages"}],"about":[{"href":"https:\/\/juancaraballo.es\/index.php?rest_route=\/wp\/v2\/types\/page"}],"author":[{"embeddable":true,"href":"https:\/\/juancaraballo.es\/index.php?rest_route=\/wp\/v2\/users\/1"}],"replies":[{"embeddable":true,"href":"https:\/\/juancaraballo.es\/index.php?rest_route=%2Fwp%2Fv2%2Fcomments&post=8464"}],"version-history":[{"count":2,"href":"https:\/\/juancaraballo.es\/index.php?rest_route=\/wp\/v2\/pages\/8464\/revisions"}],"predecessor-version":[{"id":8470,"href":"https:\/\/juancaraballo.es\/index.php?rest_route=\/wp\/v2\/pages\/8464\/revisions\/8470"}],"wp:attachment":[{"href":"https:\/\/juancaraballo.es\/index.php?rest_route=%2Fwp%2Fv2%2Fmedia&parent=8464"}],"curies":[{"name":"wp","href":"https:\/\/api.w.org\/{rel}","templated":true}]}}