{"id":8461,"date":"2026-02-17T17:14:13","date_gmt":"2026-02-17T17:14:13","guid":{"rendered":"https:\/\/juancaraballo.es\/?page_id=8461"},"modified":"2026-02-17T17:14:13","modified_gmt":"2026-02-17T17:14:13","slug":"dias-no-lectivos-2","status":"publish","type":"page","link":"https:\/\/juancaraballo.es\/?page_id=8461","title":{"rendered":"D\u00cdAS NO LECTIVOS"},"content":{"rendered":"\n<p class=\"has-text-align-center\">Estimadas familias:<\/p>\n\n\n\n<p class=\"has-text-align-center\">Les recordamos que, tal y como se inform\u00f3 a principio de curso, la pr\u00f3xima semana ser\u00e1n no lectivos los siguientes d\u00edas: <\/p>\n\n\n\n<figure class=\"wp-block-table\"><table class=\"has-fixed-layout\"><tbody><tr><td class=\"has-text-align-center\" data-align=\"center\">Jueves 26 de febrero <\/td><td class=\"has-text-align-center\" data-align=\"center\">D\u00eda seleccionado por el Consejo Escolar Municipal.<\/td><\/tr><tr><td class=\"has-text-align-center\" data-align=\"center\">Viernes 27 de febrero<\/td><td class=\"has-text-align-center\" data-align=\"center\">D\u00eda de la comunidad educativa no lectivo en Andaluc\u00eda.<\/td><\/tr><\/tbody><\/table><\/figure>\n\n\n\n<p class=\"has-text-align-center\"><\/p>\n\n\n<div class=\"wp-block-image\">\n<figure class=\"aligncenter size-full is-resized\"><img loading=\"lazy\" decoding=\"async\" width=\"860\" height=\"430\" src=\"http:\/\/juancaraballo.es\/wp-content\/uploads\/2025\/09\/A.gif\" alt=\"\" class=\"wp-image-8310\" style=\"width:394px;height:auto\"\/><\/figure><\/div>\n\n\n<p class=\"has-text-align-center\"><\/p>\n","protected":false},"excerpt":{"rendered":"<p>Estimadas familias: Les recordamos que, tal y como se inform\u00f3 a principio de curso, la pr\u00f3xima semana ser\u00e1n no lectivos los siguientes d\u00edas: Jueves 26 de febrero D\u00eda seleccionado por el Consejo Escolar Municipal. Viernes 27 de febrero D\u00eda de la comunidad educativa no lectivo en Andaluc\u00eda.<\/p>\n","protected":false},"author":1,"featured_media":0,"parent":0,"menu_order":0,"comment_status":"closed","ping_status":"closed","template":"","meta":{"footnotes":""},"class_list":["post-8461","page","type-page","status-publish","hentry"],"_links":{"self":[{"href":"https:\/\/juancaraballo.es\/index.php?rest_route=\/wp\/v2\/pages\/8461","targetHints":{"allow":["GET"]}}],"collection":[{"href":"https:\/\/juancaraballo.es\/index.php?rest_route=\/wp\/v2\/pages"}],"about":[{"href":"https:\/\/juancaraballo.es\/index.php?rest_route=\/wp\/v2\/types\/page"}],"author":[{"embeddable":true,"href":"https:\/\/juancaraballo.es\/index.php?rest_route=\/wp\/v2\/users\/1"}],"replies":[{"embeddable":true,"href":"https:\/\/juancaraballo.es\/index.php?rest_route=%2Fwp%2Fv2%2Fcomments&post=8461"}],"version-history":[{"count":1,"href":"https:\/\/juancaraballo.es\/index.php?rest_route=\/wp\/v2\/pages\/8461\/revisions"}],"predecessor-version":[{"id":8462,"href":"https:\/\/juancaraballo.es\/index.php?rest_route=\/wp\/v2\/pages\/8461\/revisions\/8462"}],"wp:attachment":[{"href":"https:\/\/juancaraballo.es\/index.php?rest_route=%2Fwp%2Fv2%2Fmedia&parent=8461"}],"curies":[{"name":"wp","href":"https:\/\/api.w.org\/{rel}","templated":true}]}}