{"id":8450,"date":"2026-02-06T17:06:39","date_gmt":"2026-02-06T17:06:39","guid":{"rendered":"https:\/\/juancaraballo.es\/?page_id=8450"},"modified":"2026-02-06T17:06:39","modified_gmt":"2026-02-06T17:06:39","slug":"nuevo-telefono-de-contacto-colegio-juan-caraballo","status":"publish","type":"page","link":"https:\/\/juancaraballo.es\/?page_id=8450","title":{"rendered":"NUEVO TEL\u00c9FONO DE CONTACTO COLEGIO JUAN CARABALLO"},"content":{"rendered":"\n<p class=\"has-text-align-center\">Estimadas familias: <\/p>\n\n\n\n<p class=\"has-text-align-center\">Les informamos que el Centro dispone de un nuevo tel\u00e9fono de contacto que pretende facilitar la comunicaci\u00f3n con las familias. A partir de ahora pueden contactar con nosotros a trav\u00e9s del 697 95 03 72. <\/p>\n\n\n<div class=\"wp-block-image\">\n<figure class=\"aligncenter size-full is-resized\"><img loading=\"lazy\" decoding=\"async\" width=\"570\" height=\"738\" src=\"https:\/\/juancaraballo.es\/wp-content\/uploads\/2026\/02\/Captura-de-pantalla-2026-02-06-a-las-18.02.41.png\" alt=\"\" class=\"wp-image-8451\" style=\"width:168px;height:auto\" srcset=\"https:\/\/juancaraballo.es\/wp-content\/uploads\/2026\/02\/Captura-de-pantalla-2026-02-06-a-las-18.02.41.png 570w, https:\/\/juancaraballo.es\/wp-content\/uploads\/2026\/02\/Captura-de-pantalla-2026-02-06-a-las-18.02.41-232x300.png 232w\" sizes=\"auto, (max-width: 570px) 100vw, 570px\" \/><\/figure><\/div>","protected":false},"excerpt":{"rendered":"<p>Estimadas familias: Les informamos que el Centro dispone de un nuevo tel\u00e9fono de contacto que pretende facilitar la comunicaci\u00f3n con las familias. A partir de ahora pueden contactar con nosotros a trav\u00e9s del 697 95 03 72.<\/p>\n","protected":false},"author":1,"featured_media":0,"parent":0,"menu_order":0,"comment_status":"closed","ping_status":"closed","template":"","meta":{"footnotes":""},"class_list":["post-8450","page","type-page","status-publish","hentry"],"_links":{"self":[{"href":"https:\/\/juancaraballo.es\/index.php?rest_route=\/wp\/v2\/pages\/8450","targetHints":{"allow":["GET"]}}],"collection":[{"href":"https:\/\/juancaraballo.es\/index.php?rest_route=\/wp\/v2\/pages"}],"about":[{"href":"https:\/\/juancaraballo.es\/index.php?rest_route=\/wp\/v2\/types\/page"}],"author":[{"embeddable":true,"href":"https:\/\/juancaraballo.es\/index.php?rest_route=\/wp\/v2\/users\/1"}],"replies":[{"embeddable":true,"href":"https:\/\/juancaraballo.es\/index.php?rest_route=%2Fwp%2Fv2%2Fcomments&post=8450"}],"version-history":[{"count":1,"href":"https:\/\/juancaraballo.es\/index.php?rest_route=\/wp\/v2\/pages\/8450\/revisions"}],"predecessor-version":[{"id":8452,"href":"https:\/\/juancaraballo.es\/index.php?rest_route=\/wp\/v2\/pages\/8450\/revisions\/8452"}],"wp:attachment":[{"href":"https:\/\/juancaraballo.es\/index.php?rest_route=%2Fwp%2Fv2%2Fmedia&parent=8450"}],"curies":[{"name":"wp","href":"https:\/\/api.w.org\/{rel}","templated":true}]}}