{"id":8443,"date":"2026-02-03T12:43:04","date_gmt":"2026-02-03T12:43:04","guid":{"rendered":"https:\/\/juancaraballo.es\/?page_id=8443"},"modified":"2026-02-03T12:45:54","modified_gmt":"2026-02-03T12:45:54","slug":"suspension-actividad-lectiva-presencial-4-de-febrero-de-2026","status":"publish","type":"page","link":"https:\/\/juancaraballo.es\/?page_id=8443","title":{"rendered":"SUSPENSI\u00d3N ACTIVIDAD LECTIVA PRESENCIAL 4 DE FEBRERO DE 2026"},"content":{"rendered":"\n<p class=\"has-text-align-center\">Estimadas familias: <\/p>\n\n\n\n<p class=\"has-text-align-center\">Les informamos que tras la elevaci\u00f3n a situaci\u00f3n operativa 2 del Plan de Emergencias de Andaluc\u00eda por el riesgo de inundaciones y fen\u00f3menos meteorol\u00f3gicos adversos, se le comunica que ma\u00f1ana, mi\u00e9rcoles 4 de febrero de 2026 se suspende la actividad lectiva presencial en su centro educativo, por lo que NO debe desplazarse al mismo y se activar\u00e1, en su caso, la docencia telem\u00e1tica conforme a lo previsto en su proyecto educativo.<br>Le indicamos asimismo que sigan con atenci\u00f3n las recomendaciones e indicaciones de los canales oficiales del 112 Andaluc\u00eda para el seguimiento y evoluci\u00f3n de esta situaci\u00f3n de emergencia.<\/p>\n\n\n\n<p class=\"has-text-align-center\"><\/p>\n","protected":false},"excerpt":{"rendered":"<p>Estimadas familias: Les informamos que tras la elevaci\u00f3n a situaci\u00f3n operativa 2 del Plan de Emergencias de Andaluc\u00eda por el riesgo de inundaciones y fen\u00f3menos meteorol\u00f3gicos adversos, se le comunica que ma\u00f1ana, mi\u00e9rcoles 4 de febrero de 2026 se suspende la actividad lectiva presencial en su centro educativo, por lo que NO debe desplazarse al [&hellip;]<\/p>\n","protected":false},"author":1,"featured_media":0,"parent":0,"menu_order":0,"comment_status":"closed","ping_status":"closed","template":"","meta":{"footnotes":""},"class_list":["post-8443","page","type-page","status-publish","hentry"],"_links":{"self":[{"href":"https:\/\/juancaraballo.es\/index.php?rest_route=\/wp\/v2\/pages\/8443","targetHints":{"allow":["GET"]}}],"collection":[{"href":"https:\/\/juancaraballo.es\/index.php?rest_route=\/wp\/v2\/pages"}],"about":[{"href":"https:\/\/juancaraballo.es\/index.php?rest_route=\/wp\/v2\/types\/page"}],"author":[{"embeddable":true,"href":"https:\/\/juancaraballo.es\/index.php?rest_route=\/wp\/v2\/users\/1"}],"replies":[{"embeddable":true,"href":"https:\/\/juancaraballo.es\/index.php?rest_route=%2Fwp%2Fv2%2Fcomments&post=8443"}],"version-history":[{"count":3,"href":"https:\/\/juancaraballo.es\/index.php?rest_route=\/wp\/v2\/pages\/8443\/revisions"}],"predecessor-version":[{"id":8448,"href":"https:\/\/juancaraballo.es\/index.php?rest_route=\/wp\/v2\/pages\/8443\/revisions\/8448"}],"wp:attachment":[{"href":"https:\/\/juancaraballo.es\/index.php?rest_route=%2Fwp%2Fv2%2Fmedia&parent=8443"}],"curies":[{"name":"wp","href":"https:\/\/api.w.org\/{rel}","templated":true}]}}