{"id":8437,"date":"2026-02-03T06:06:36","date_gmt":"2026-02-03T06:06:36","guid":{"rendered":"https:\/\/juancaraballo.es\/?page_id=8437"},"modified":"2026-02-03T06:06:36","modified_gmt":"2026-02-03T06:06:36","slug":"programa-transito-institutos","status":"publish","type":"page","link":"https:\/\/juancaraballo.es\/?page_id=8437","title":{"rendered":"PROGRAMA TR\u00c1NSITO INSTITUTOS"},"content":{"rendered":"\n<p class=\"has-text-align-center\">Estimadas familias: <\/p>\n\n\n\n<p class=\"has-text-align-center\">Adjuntamos documentos de convocatoria de reuniones informativas de los institutos de la localidad para el alumnado de 6\u00ba de Primaria.  <\/p>\n\n\n\n<figure class=\"wp-block-table aligncenter is-style-regular\"><table class=\"has-fixed-layout\"><tbody><tr><td><a href=\"http:\/\/juancaraballo.es\/wp-content\/uploads\/2026\/02\/IES-MARIA-INMACULADA.pdf\"><img loading=\"lazy\" decoding=\"async\" width=\"75\" height=\"75\" class=\"wp-image-8356\" style=\"width: 75px;\" src=\"http:\/\/juancaraballo.es\/wp-content\/uploads\/2025\/09\/pdf.png\" alt=\"\" srcset=\"https:\/\/juancaraballo.es\/wp-content\/uploads\/2025\/09\/pdf.png 350w, https:\/\/juancaraballo.es\/wp-content\/uploads\/2025\/09\/pdf-300x300.png 300w, https:\/\/juancaraballo.es\/wp-content\/uploads\/2025\/09\/pdf-150x150.png 150w\" sizes=\"auto, (max-width: 75px) 100vw, 75px\" \/><\/a><\/td><td class=\"has-text-align-center\" data-align=\"center\"><a href=\"http:\/\/juancaraballo.es\/wp-content\/uploads\/2026\/02\/IES-MARIA-INMACULADA.pdf\">CONVOCATORIA REUNI\u00d3N <br>IES MAR\u00cdA INMACULADA<\/a><\/td><\/tr><tr><td><a href=\"http:\/\/juancaraballo.es\/wp-content\/uploads\/2026\/02\/IES-LOS-ALCORES.pdf\"><img loading=\"lazy\" decoding=\"async\" width=\"75\" height=\"75\" class=\"wp-image-8356\" style=\"width: 75px;\" src=\"http:\/\/juancaraballo.es\/wp-content\/uploads\/2025\/09\/pdf.png\" alt=\"\" srcset=\"https:\/\/juancaraballo.es\/wp-content\/uploads\/2025\/09\/pdf.png 350w, https:\/\/juancaraballo.es\/wp-content\/uploads\/2025\/09\/pdf-300x300.png 300w, https:\/\/juancaraballo.es\/wp-content\/uploads\/2025\/09\/pdf-150x150.png 150w\" sizes=\"auto, (max-width: 75px) 100vw, 75px\" \/><\/a><\/td><td class=\"has-text-align-center\" data-align=\"center\"><a href=\"http:\/\/juancaraballo.es\/wp-content\/uploads\/2026\/02\/IES-LOS-ALCORES.pdf\">CONVOCATORIA REUNI\u00d3N <br>IES LOS ALCORES<\/a><\/td><\/tr><\/tbody><\/table><\/figure>\n\n\n<div class=\"wp-block-image\">\n<figure class=\"aligncenter size-full is-resized\"><img loading=\"lazy\" decoding=\"async\" width=\"822\" height=\"690\" src=\"https:\/\/juancaraballo.es\/wp-content\/uploads\/2026\/02\/Captura-de-pantalla-2026-02-03-a-las-7.04.42.png\" alt=\"\" class=\"wp-image-8438\" style=\"width:247px;height:auto\" srcset=\"https:\/\/juancaraballo.es\/wp-content\/uploads\/2026\/02\/Captura-de-pantalla-2026-02-03-a-las-7.04.42.png 822w, https:\/\/juancaraballo.es\/wp-content\/uploads\/2026\/02\/Captura-de-pantalla-2026-02-03-a-las-7.04.42-300x252.png 300w, https:\/\/juancaraballo.es\/wp-content\/uploads\/2026\/02\/Captura-de-pantalla-2026-02-03-a-las-7.04.42-768x645.png 768w\" sizes=\"auto, (max-width: 822px) 100vw, 822px\" \/><\/figure><\/div>","protected":false},"excerpt":{"rendered":"<p>Estimadas familias: Adjuntamos documentos de convocatoria de reuniones informativas de los institutos de la localidad para el alumnado de 6\u00ba de Primaria. CONVOCATORIA REUNI\u00d3N IES MAR\u00cdA INMACULADA CONVOCATORIA REUNI\u00d3N IES LOS ALCORES<\/p>\n","protected":false},"author":1,"featured_media":0,"parent":0,"menu_order":0,"comment_status":"closed","ping_status":"closed","template":"","meta":{"footnotes":""},"class_list":["post-8437","page","type-page","status-publish","hentry"],"_links":{"self":[{"href":"https:\/\/juancaraballo.es\/index.php?rest_route=\/wp\/v2\/pages\/8437","targetHints":{"allow":["GET"]}}],"collection":[{"href":"https:\/\/juancaraballo.es\/index.php?rest_route=\/wp\/v2\/pages"}],"about":[{"href":"https:\/\/juancaraballo.es\/index.php?rest_route=\/wp\/v2\/types\/page"}],"author":[{"embeddable":true,"href":"https:\/\/juancaraballo.es\/index.php?rest_route=\/wp\/v2\/users\/1"}],"replies":[{"embeddable":true,"href":"https:\/\/juancaraballo.es\/index.php?rest_route=%2Fwp%2Fv2%2Fcomments&post=8437"}],"version-history":[{"count":1,"href":"https:\/\/juancaraballo.es\/index.php?rest_route=\/wp\/v2\/pages\/8437\/revisions"}],"predecessor-version":[{"id":8441,"href":"https:\/\/juancaraballo.es\/index.php?rest_route=\/wp\/v2\/pages\/8437\/revisions\/8441"}],"wp:attachment":[{"href":"https:\/\/juancaraballo.es\/index.php?rest_route=%2Fwp%2Fv2%2Fmedia&parent=8437"}],"curies":[{"name":"wp","href":"https:\/\/api.w.org\/{rel}","templated":true}]}}