{"id":8382,"date":"2025-10-16T15:59:56","date_gmt":"2025-10-16T15:59:56","guid":{"rendered":"https:\/\/juancaraballo.es\/?page_id=8382"},"modified":"2025-10-16T15:59:56","modified_gmt":"2025-10-16T15:59:56","slug":"blog-del-area-de-ingles","status":"publish","type":"page","link":"https:\/\/juancaraballo.es\/?page_id=8382","title":{"rendered":"BLOG DEL \u00c1REA DE INGL\u00c9S"},"content":{"rendered":"\n<p class=\"has-text-align-center\">Estimadas familias , este curso estrenamos \u201cblog de ingl\u00e9s\u201d. Esperemos que sirva como recurso y sea una herramienta de utilidad a la hora de trabajar con el ingl\u00e9s\u2026Let\u2019s go!<\/p>\n\n\n\n<p class=\"has-text-align-center\"><a href=\"https:\/\/jcmpolienglish.blogspot.com\/\">Haz click aqu\u00ed para acceder al blog del \u00e1rea de ingl\u00e9s.<\/a><\/p>\n\n\n<div class=\"wp-block-image\">\n<figure class=\"aligncenter size-full is-resized\"><img loading=\"lazy\" decoding=\"async\" width=\"799\" height=\"360\" src=\"http:\/\/juancaraballo.es\/wp-content\/uploads\/2025\/10\/360_F_122186355_t2uvbG8PX3b7HBulFIkPOIDwwKpl04tj.jpg\" alt=\"\" class=\"wp-image-8383\" style=\"width:251px;height:auto\" srcset=\"https:\/\/juancaraballo.es\/wp-content\/uploads\/2025\/10\/360_F_122186355_t2uvbG8PX3b7HBulFIkPOIDwwKpl04tj.jpg 799w, https:\/\/juancaraballo.es\/wp-content\/uploads\/2025\/10\/360_F_122186355_t2uvbG8PX3b7HBulFIkPOIDwwKpl04tj-300x135.jpg 300w, https:\/\/juancaraballo.es\/wp-content\/uploads\/2025\/10\/360_F_122186355_t2uvbG8PX3b7HBulFIkPOIDwwKpl04tj-768x346.jpg 768w\" sizes=\"auto, (max-width: 799px) 100vw, 799px\" \/><\/figure><\/div>","protected":false},"excerpt":{"rendered":"<p>Estimadas familias , este curso estrenamos \u201cblog de ingl\u00e9s\u201d. Esperemos que sirva como recurso y sea una herramienta de utilidad a la hora de trabajar con el ingl\u00e9s\u2026Let\u2019s go! Haz click aqu\u00ed para acceder al blog del \u00e1rea de ingl\u00e9s.<\/p>\n","protected":false},"author":1,"featured_media":0,"parent":0,"menu_order":0,"comment_status":"closed","ping_status":"closed","template":"","meta":{"footnotes":""},"class_list":["post-8382","page","type-page","status-publish","hentry"],"_links":{"self":[{"href":"https:\/\/juancaraballo.es\/index.php?rest_route=\/wp\/v2\/pages\/8382","targetHints":{"allow":["GET"]}}],"collection":[{"href":"https:\/\/juancaraballo.es\/index.php?rest_route=\/wp\/v2\/pages"}],"about":[{"href":"https:\/\/juancaraballo.es\/index.php?rest_route=\/wp\/v2\/types\/page"}],"author":[{"embeddable":true,"href":"https:\/\/juancaraballo.es\/index.php?rest_route=\/wp\/v2\/users\/1"}],"replies":[{"embeddable":true,"href":"https:\/\/juancaraballo.es\/index.php?rest_route=%2Fwp%2Fv2%2Fcomments&post=8382"}],"version-history":[{"count":1,"href":"https:\/\/juancaraballo.es\/index.php?rest_route=\/wp\/v2\/pages\/8382\/revisions"}],"predecessor-version":[{"id":8384,"href":"https:\/\/juancaraballo.es\/index.php?rest_route=\/wp\/v2\/pages\/8382\/revisions\/8384"}],"wp:attachment":[{"href":"https:\/\/juancaraballo.es\/index.php?rest_route=%2Fwp%2Fv2%2Fmedia&parent=8382"}],"curies":[{"name":"wp","href":"https:\/\/api.w.org\/{rel}","templated":true}]}}