{"id":8364,"date":"2025-09-29T10:11:05","date_gmt":"2025-09-29T10:11:05","guid":{"rendered":"https:\/\/juancaraballo.es\/?page_id=8364"},"modified":"2025-09-29T10:11:05","modified_gmt":"2025-09-29T10:11:05","slug":"horario-de-atencion-equipo-directivo-y-secretaria","status":"publish","type":"page","link":"https:\/\/juancaraballo.es\/?page_id=8364","title":{"rendered":"HORARIO DE ATENCI\u00d3N EQUIPO DIRECTIVO Y SECRETAR\u00cdA"},"content":{"rendered":"\n<figure class=\"wp-block-table\"><table class=\"has-fixed-layout\"><tbody><tr><td class=\"has-text-align-center\" data-align=\"center\">DIRECCI\u00d3N: <\/td><td class=\"has-text-align-center\" data-align=\"center\">Lunes de 09:00 a 10:00 <\/td><\/tr><tr><td class=\"has-text-align-center\" data-align=\"center\">JEFATURA DE ESTUDIOS: <\/td><td class=\"has-text-align-center\" data-align=\"center\">Viernes de 11:00 a 12:00<\/td><\/tr><tr><td class=\"has-text-align-center\" data-align=\"center\">SECRETAR\u00cdA:<\/td><td class=\"has-text-align-center\" data-align=\"center\">Mi\u00e9rcoles de 09:00 a 10:00<\/td><\/tr><\/tbody><\/table><\/figure>\n\n\n\n<p><\/p>\n\n\n\n<p><\/p>\n\n\n\n<p><\/p>\n\n\n\n<p><br><\/p>\n","protected":false},"excerpt":{"rendered":"<p>DIRECCI\u00d3N: Lunes de 09:00 a 10:00 JEFATURA DE ESTUDIOS: Viernes de 11:00 a 12:00 SECRETAR\u00cdA: Mi\u00e9rcoles de 09:00 a 10:00<\/p>\n","protected":false},"author":1,"featured_media":0,"parent":0,"menu_order":0,"comment_status":"closed","ping_status":"closed","template":"","meta":{"footnotes":""},"class_list":["post-8364","page","type-page","status-publish","hentry"],"_links":{"self":[{"href":"https:\/\/juancaraballo.es\/index.php?rest_route=\/wp\/v2\/pages\/8364","targetHints":{"allow":["GET"]}}],"collection":[{"href":"https:\/\/juancaraballo.es\/index.php?rest_route=\/wp\/v2\/pages"}],"about":[{"href":"https:\/\/juancaraballo.es\/index.php?rest_route=\/wp\/v2\/types\/page"}],"author":[{"embeddable":true,"href":"https:\/\/juancaraballo.es\/index.php?rest_route=\/wp\/v2\/users\/1"}],"replies":[{"embeddable":true,"href":"https:\/\/juancaraballo.es\/index.php?rest_route=%2Fwp%2Fv2%2Fcomments&post=8364"}],"version-history":[{"count":1,"href":"https:\/\/juancaraballo.es\/index.php?rest_route=\/wp\/v2\/pages\/8364\/revisions"}],"predecessor-version":[{"id":8365,"href":"https:\/\/juancaraballo.es\/index.php?rest_route=\/wp\/v2\/pages\/8364\/revisions\/8365"}],"wp:attachment":[{"href":"https:\/\/juancaraballo.es\/index.php?rest_route=%2Fwp%2Fv2%2Fmedia&parent=8364"}],"curies":[{"name":"wp","href":"https:\/\/api.w.org\/{rel}","templated":true}]}}