{"id":8320,"date":"2025-09-09T10:16:47","date_gmt":"2025-09-09T10:16:47","guid":{"rendered":"https:\/\/juancaraballo.es\/?page_id=8320"},"modified":"2025-09-09T10:17:36","modified_gmt":"2025-09-09T10:17:36","slug":"aula-matinal-aula-de-mediodia-comedor-escolar-y-transporte-escolar","status":"publish","type":"page","link":"https:\/\/juancaraballo.es\/?page_id=8320","title":{"rendered":"AULA MATINAL, AULA DE MEDIOD\u00cdA, COMEDOR ESCOLAR Y TRANSPORTE ESCOLAR"},"content":{"rendered":"\n<p class=\"has-text-align-center\">Estimadas familias:<\/p>\n\n\n\n<p class=\"has-text-align-center\">Les informamos que durante la jornada del d\u00eda 10 de septiembre, el horario tanto de Infantil como de Primaria ser\u00e1 de 12:00 a 14:00 horas. Durante esta jornada escolar funcionar\u00e1n los servicios de comedor escolar, aula de mediod\u00eda y transporte escolar (solo a las 14:00 horas).<\/p>\n\n\n\n<p class=\"has-text-align-center\">A partir del d\u00eda 11 de septiembre el horario de Infantil y Primaria ser\u00e1 de 09:00 a 14:00 y funcionar\u00e1n con normalidad los servicios de aula matinal, comedor escolar, aula de mediod\u00eda y transporte escolar tanto a la ida como a la vuelta. <\/p>\n\n\n\n<p class=\"has-text-align-right\">LA DIRECCI\u00d3N DEL CENTRO<\/p>\n","protected":false},"excerpt":{"rendered":"<p>Estimadas familias: Les informamos que durante la jornada del d\u00eda 10 de septiembre, el horario tanto de Infantil como de Primaria ser\u00e1 de 12:00 a 14:00 horas. Durante esta jornada escolar funcionar\u00e1n los servicios de comedor escolar, aula de mediod\u00eda y transporte escolar (solo a las 14:00 horas). A partir del d\u00eda 11 de septiembre [&hellip;]<\/p>\n","protected":false},"author":1,"featured_media":0,"parent":0,"menu_order":0,"comment_status":"closed","ping_status":"closed","template":"","meta":{"footnotes":""},"class_list":["post-8320","page","type-page","status-publish","hentry"],"_links":{"self":[{"href":"https:\/\/juancaraballo.es\/index.php?rest_route=\/wp\/v2\/pages\/8320","targetHints":{"allow":["GET"]}}],"collection":[{"href":"https:\/\/juancaraballo.es\/index.php?rest_route=\/wp\/v2\/pages"}],"about":[{"href":"https:\/\/juancaraballo.es\/index.php?rest_route=\/wp\/v2\/types\/page"}],"author":[{"embeddable":true,"href":"https:\/\/juancaraballo.es\/index.php?rest_route=\/wp\/v2\/users\/1"}],"replies":[{"embeddable":true,"href":"https:\/\/juancaraballo.es\/index.php?rest_route=%2Fwp%2Fv2%2Fcomments&post=8320"}],"version-history":[{"count":3,"href":"https:\/\/juancaraballo.es\/index.php?rest_route=\/wp\/v2\/pages\/8320\/revisions"}],"predecessor-version":[{"id":8323,"href":"https:\/\/juancaraballo.es\/index.php?rest_route=\/wp\/v2\/pages\/8320\/revisions\/8323"}],"wp:attachment":[{"href":"https:\/\/juancaraballo.es\/index.php?rest_route=%2Fwp%2Fv2%2Fmedia&parent=8320"}],"curies":[{"name":"wp","href":"https:\/\/api.w.org\/{rel}","templated":true}]}}