{"id":8266,"date":"2025-09-01T10:45:25","date_gmt":"2025-09-01T10:45:25","guid":{"rendered":"https:\/\/juancaraballo.es\/?page_id=8266"},"modified":"2025-09-01T10:51:10","modified_gmt":"2025-09-01T10:51:10","slug":"bienvenidos-a-un-nuevo-curso-2","status":"publish","type":"page","link":"https:\/\/juancaraballo.es\/?page_id=8266","title":{"rendered":"COMENZAMOS UN NUEVO CURSO"},"content":{"rendered":"\n<p class=\"has-text-align-center\">Estimadas familias y queridos alumnos y alumnas:<\/p>\n\n\n\n<p class=\"has-text-align-center\">Es un placer para m\u00ed presentarme como la nueva directora del colegio y darles la bienvenida al inicio del curso escolar 2025\/2026.<\/p>\n\n\n\n<p class=\"has-text-align-center\">Comenzamos una nueva etapa con ilusi\u00f3n, compromiso y el deseo de seguir construyendo un entorno educativo en el que cada estudiante se sienta acompa\u00f1ado, motivado y valorado.<\/p>\n\n\n\n<p class=\"has-text-align-center\">Este mensaje no lo transmito solo yo, sino que lo comparto junto al equipo directivo y al claustro de profesores, quienes se suman con entusiasmo a esta bienvenida. Todos estamos comprometidos con ofrecer lo mejor de nosotros para que este curso sea una experiencia enriquecedora, segura y estimulante para toda la comunidad educativa.<\/p>\n\n\n\n<p class=\"has-text-align-center\">A las familias, gracias por confiar en nosotros. Su colaboraci\u00f3n es fundamental para que el aprendizaje de sus hijos e hijas sea una experiencia positiva y significativa.<\/p>\n\n\n\n<p class=\"has-text-align-center\">Y a nuestros alumnos y alumnas, les animamos a afrontar este nuevo curso con ilusi\u00f3n, curiosidad y esfuerzo. Estamos aqu\u00ed para acompa\u00f1arlos, guiarlos y celebrar sus logros.<\/p>\n\n\n\n<p class=\"has-text-align-center\">Les deseamos a todos un excelente comienzo de curso y un a\u00f1o lleno de aprendizajes, crecimiento y buenos momentos.<\/p>\n\n\n\n<p class=\"has-text-align-center\"><strong>Gracia Guill\u00e9n S\u00e1nchez<\/strong><\/p>\n\n\n\n<p class=\"has-text-align-center\"><strong>Directora CEIP Juan Caraballo<\/strong><\/p>\n","protected":false},"excerpt":{"rendered":"<p>Estimadas familias y queridos alumnos y alumnas: Es un placer para m\u00ed presentarme como la nueva directora del colegio y darles la bienvenida al inicio del curso escolar 2025\/2026. Comenzamos una nueva etapa con ilusi\u00f3n, compromiso y el deseo de seguir construyendo un entorno educativo en el que cada estudiante se sienta acompa\u00f1ado, motivado y [&hellip;]<\/p>\n","protected":false},"author":1,"featured_media":0,"parent":0,"menu_order":0,"comment_status":"closed","ping_status":"closed","template":"","meta":{"footnotes":""},"class_list":["post-8266","page","type-page","status-publish","hentry"],"_links":{"self":[{"href":"https:\/\/juancaraballo.es\/index.php?rest_route=\/wp\/v2\/pages\/8266","targetHints":{"allow":["GET"]}}],"collection":[{"href":"https:\/\/juancaraballo.es\/index.php?rest_route=\/wp\/v2\/pages"}],"about":[{"href":"https:\/\/juancaraballo.es\/index.php?rest_route=\/wp\/v2\/types\/page"}],"author":[{"embeddable":true,"href":"https:\/\/juancaraballo.es\/index.php?rest_route=\/wp\/v2\/users\/1"}],"replies":[{"embeddable":true,"href":"https:\/\/juancaraballo.es\/index.php?rest_route=%2Fwp%2Fv2%2Fcomments&post=8266"}],"version-history":[{"count":2,"href":"https:\/\/juancaraballo.es\/index.php?rest_route=\/wp\/v2\/pages\/8266\/revisions"}],"predecessor-version":[{"id":8271,"href":"https:\/\/juancaraballo.es\/index.php?rest_route=\/wp\/v2\/pages\/8266\/revisions\/8271"}],"wp:attachment":[{"href":"https:\/\/juancaraballo.es\/index.php?rest_route=%2Fwp%2Fv2%2Fmedia&parent=8266"}],"curies":[{"name":"wp","href":"https:\/\/api.w.org\/{rel}","templated":true}]}}