{"id":8008,"date":"2025-01-13T11:52:35","date_gmt":"2025-01-13T11:52:35","guid":{"rendered":"https:\/\/juancaraballo.es\/?page_id=8008"},"modified":"2025-01-13T11:52:35","modified_gmt":"2025-01-13T11:52:35","slug":"documentos-curriculares-3","status":"publish","type":"page","link":"https:\/\/juancaraballo.es\/?page_id=8008","title":{"rendered":"DOCUMENTOS CURRICULARES"},"content":{"rendered":"\n<figure class=\"wp-block-table\"><table><tbody><tr><td class=\"has-text-align-center\" data-align=\"center\"><a href=\"http:\/\/juancaraballo.es\/wp-content\/uploads\/2025\/01\/Lengua.pdf\">LENGUA<\/a><\/td><td class=\"has-text-align-center\" data-align=\"center\"><a href=\"http:\/\/juancaraballo.es\/wp-content\/uploads\/2025\/01\/Matematicas.pdf\">MATEM\u00c1TICAS<\/a><\/td><td class=\"has-text-align-center\" data-align=\"center\"><a href=\"http:\/\/juancaraballo.es\/wp-content\/uploads\/2025\/01\/C.-Medio.pdf\">C. DEL MEDIO<\/a><\/td><td class=\"has-text-align-center\" data-align=\"center\"><a href=\"http:\/\/juancaraballo.es\/wp-content\/uploads\/2025\/01\/Ingles.pdf\">INGL\u00c9S<\/a><\/td><\/tr><tr><td class=\"has-text-align-center\" data-align=\"center\"><a href=\"http:\/\/juancaraballo.es\/wp-content\/uploads\/2025\/01\/Frances.pdf\">FRANC\u00c9S<\/a><\/td><td class=\"has-text-align-center\" data-align=\"center\"><a href=\"http:\/\/juancaraballo.es\/wp-content\/uploads\/2025\/01\/Artistica.pdf\">E. ART\u00cdSTICA<\/a><\/td><td class=\"has-text-align-center\" data-align=\"center\"><a href=\"http:\/\/juancaraballo.es\/wp-content\/uploads\/2025\/01\/Religion.pdf\">RELIGI\u00d3N<\/a><\/td><td class=\"has-text-align-center\" data-align=\"center\"><a href=\"http:\/\/juancaraballo.es\/wp-content\/uploads\/2025\/01\/Educacion-civica-y-valores.pdf\">VALORES<\/a><\/td><\/tr><\/tbody><\/table><\/figure>\n","protected":false},"excerpt":{"rendered":"<p>LENGUA MATEM\u00c1TICAS C. DEL MEDIO INGL\u00c9S FRANC\u00c9S E. ART\u00cdSTICA RELIGI\u00d3N VALORES<\/p>\n","protected":false},"author":1,"featured_media":0,"parent":0,"menu_order":0,"comment_status":"closed","ping_status":"closed","template":"","meta":{"footnotes":""},"class_list":["post-8008","page","type-page","status-publish","hentry"],"_links":{"self":[{"href":"https:\/\/juancaraballo.es\/index.php?rest_route=\/wp\/v2\/pages\/8008","targetHints":{"allow":["GET"]}}],"collection":[{"href":"https:\/\/juancaraballo.es\/index.php?rest_route=\/wp\/v2\/pages"}],"about":[{"href":"https:\/\/juancaraballo.es\/index.php?rest_route=\/wp\/v2\/types\/page"}],"author":[{"embeddable":true,"href":"https:\/\/juancaraballo.es\/index.php?rest_route=\/wp\/v2\/users\/1"}],"replies":[{"embeddable":true,"href":"https:\/\/juancaraballo.es\/index.php?rest_route=%2Fwp%2Fv2%2Fcomments&post=8008"}],"version-history":[{"count":1,"href":"https:\/\/juancaraballo.es\/index.php?rest_route=\/wp\/v2\/pages\/8008\/revisions"}],"predecessor-version":[{"id":8010,"href":"https:\/\/juancaraballo.es\/index.php?rest_route=\/wp\/v2\/pages\/8008\/revisions\/8010"}],"wp:attachment":[{"href":"https:\/\/juancaraballo.es\/index.php?rest_route=%2Fwp%2Fv2%2Fmedia&parent=8008"}],"curies":[{"name":"wp","href":"https:\/\/api.w.org\/{rel}","templated":true}]}}