{"id":7907,"date":"2024-10-25T06:00:03","date_gmt":"2024-10-25T06:00:03","guid":{"rendered":"https:\/\/juancaraballo.es\/?page_id=7907"},"modified":"2024-10-28T11:24:33","modified_gmt":"2024-10-28T11:24:33","slug":"comunicacion-incidencias-libros-digitales-santillana","status":"publish","type":"page","link":"https:\/\/juancaraballo.es\/?page_id=7907","title":{"rendered":"COMUNICACI\u00d3N INCIDENCIAS LIBROS DIGITALES SANTILLANA"},"content":{"rendered":"\n<p class=\"has-text-align-left\">Estimadas familias:<\/p>\n\n\n\n<p class=\"has-text-align-left\">Les informo que todas las incidencias relacionadas con el acceso y uso de los libros digitales deben comunicarlas al departamento t\u00e9cnico de la editorial a trav\u00e9s de la siguiente direcci\u00f3n de correo:<\/p>\n\n\n\n<p class=\"has-text-align-center\"><strong>profesandocc@santillana.es<\/strong><\/p>\n\n\n\n<p class=\"has-text-align-left\">Para que dicha incidencia sea atendida de forma eficaz deben aportar los siguientes datos:<\/p>\n\n\n\n<ul class=\"wp-block-list\">\n<li>Nombre del alumno\/a.<\/li>\n\n\n\n<li>N\u00famero de licencia que figura en el documento que le fue entregado.<\/li>\n\n\n\n<li>Correo electr\u00f3nico con el que se han registrado.<\/li>\n<\/ul>\n\n\n\n<p class=\"has-text-align-center\"><\/p>\n\n\n\n<p class=\"has-text-align-center\">\u00c1ngel Mar\u00eda S\u00e1nchez Pe\u00f1a<\/p>\n\n\n\n<p class=\"has-text-align-center\">Coordinador TDE CEIP Juan Caraballo<\/p>\n\n\n<div class=\"wp-block-image\">\n<figure class=\"aligncenter size-large is-resized\"><img loading=\"lazy\" decoding=\"async\" width=\"1024\" height=\"466\" src=\"https:\/\/juancaraballo.es\/wp-content\/uploads\/2024\/10\/logo-4-1024x466.png\" alt=\"\" class=\"wp-image-7910\" style=\"aspect-ratio:2.1974248927038627;width:337px;height:auto\" srcset=\"https:\/\/juancaraballo.es\/wp-content\/uploads\/2024\/10\/logo-4-1024x466.png 1024w, https:\/\/juancaraballo.es\/wp-content\/uploads\/2024\/10\/logo-4-300x136.png 300w, https:\/\/juancaraballo.es\/wp-content\/uploads\/2024\/10\/logo-4-768x349.png 768w, https:\/\/juancaraballo.es\/wp-content\/uploads\/2024\/10\/logo-4-1536x698.png 1536w, https:\/\/juancaraballo.es\/wp-content\/uploads\/2024\/10\/logo-4-2048x931.png 2048w, https:\/\/juancaraballo.es\/wp-content\/uploads\/2024\/10\/logo-4-1920x873.png 1920w\" sizes=\"auto, (max-width: 1024px) 100vw, 1024px\" \/><\/figure><\/div>","protected":false},"excerpt":{"rendered":"<p>Estimadas familias: Les informo que todas las incidencias relacionadas con el acceso y uso de los libros digitales deben comunicarlas al departamento t\u00e9cnico de la editorial a trav\u00e9s de la siguiente direcci\u00f3n de correo: profesandocc@santillana.es Para que dicha incidencia sea atendida de forma eficaz deben aportar los siguientes datos: \u00c1ngel Mar\u00eda S\u00e1nchez Pe\u00f1a Coordinador TDE [&hellip;]<\/p>\n","protected":false},"author":1,"featured_media":0,"parent":0,"menu_order":0,"comment_status":"closed","ping_status":"closed","template":"","meta":{"footnotes":""},"class_list":["post-7907","page","type-page","status-publish","hentry"],"_links":{"self":[{"href":"https:\/\/juancaraballo.es\/index.php?rest_route=\/wp\/v2\/pages\/7907","targetHints":{"allow":["GET"]}}],"collection":[{"href":"https:\/\/juancaraballo.es\/index.php?rest_route=\/wp\/v2\/pages"}],"about":[{"href":"https:\/\/juancaraballo.es\/index.php?rest_route=\/wp\/v2\/types\/page"}],"author":[{"embeddable":true,"href":"https:\/\/juancaraballo.es\/index.php?rest_route=\/wp\/v2\/users\/1"}],"replies":[{"embeddable":true,"href":"https:\/\/juancaraballo.es\/index.php?rest_route=%2Fwp%2Fv2%2Fcomments&post=7907"}],"version-history":[{"count":6,"href":"https:\/\/juancaraballo.es\/index.php?rest_route=\/wp\/v2\/pages\/7907\/revisions"}],"predecessor-version":[{"id":7916,"href":"https:\/\/juancaraballo.es\/index.php?rest_route=\/wp\/v2\/pages\/7907\/revisions\/7916"}],"wp:attachment":[{"href":"https:\/\/juancaraballo.es\/index.php?rest_route=%2Fwp%2Fv2%2Fmedia&parent=7907"}],"curies":[{"name":"wp","href":"https:\/\/api.w.org\/{rel}","templated":true}]}}