{"id":7866,"date":"2024-09-24T16:28:55","date_gmt":"2024-09-24T16:28:55","guid":{"rendered":"https:\/\/juancaraballo.es\/?page_id=7866"},"modified":"2025-09-19T08:40:20","modified_gmt":"2025-09-19T08:40:20","slug":"7866-2","status":"publish","type":"page","link":"https:\/\/juancaraballo.es\/?page_id=7866","title":{"rendered":"INFORMACI\u00d3N DE ACCESO A GOOGLE CLASSROOM"},"content":{"rendered":"\n<p class=\"has-text-align-center\">Estimadas familias:<\/p>\n\n\n\n<p class=\"has-text-align-center\">Les informamos que el espacio de trabajo Google Classroom est\u00e1 operativo para todo nuestro alumnado. Para acceder al mismo, pueden usar las credenciales del alumno\/a que tienen como mensaje anclado en sus respectivas bandejas de entrada de IPASEN. <\/p>\n\n\n\n<p class=\"has-text-align-center\">Es importante que recuerden que el nombre de usuario, est\u00e1 formado por siete letras y cuatro d\u00edgitos que deben ir seguidos de @g.educaand.es<\/p>\n\n\n\n<p class=\"has-text-align-center\">En caso de presentar alguna incidencia t\u00e9cnica, pueden ponerse en contacto con el coordinador de Transformaci\u00f3n Digital Educativa del Centro de lunes a viernes de 12:00 a 12:30 a trav\u00e9s del 955649611.<\/p>\n\n\n<div class=\"wp-block-image\">\n<figure class=\"aligncenter size-full is-resized\"><img loading=\"lazy\" decoding=\"async\" width=\"500\" height=\"500\" src=\"https:\/\/juancaraballo.es\/wp-content\/uploads\/2025\/09\/512.jpg\" alt=\"\" class=\"wp-image-8338\" style=\"width:194px;height:auto\" srcset=\"https:\/\/juancaraballo.es\/wp-content\/uploads\/2025\/09\/512.jpg 500w, https:\/\/juancaraballo.es\/wp-content\/uploads\/2025\/09\/512-300x300.jpg 300w, https:\/\/juancaraballo.es\/wp-content\/uploads\/2025\/09\/512-150x150.jpg 150w\" sizes=\"auto, (max-width: 500px) 100vw, 500px\" \/><\/figure><\/div>\n\n\n<p class=\"has-text-align-center\">\u00c1NGEL MAR\u00cdA S\u00c1NCHEZ PE\u00d1A <\/p>\n\n\n\n<p class=\"has-text-align-center\">COORDINADOR TDE CEIP JUAN CARABALLO<\/p>\n","protected":false},"excerpt":{"rendered":"<p>Estimadas familias: Les informamos que el espacio de trabajo Google Classroom est\u00e1 operativo para todo nuestro alumnado. Para acceder al mismo, pueden usar las credenciales del alumno\/a que tienen como mensaje anclado en sus respectivas bandejas de entrada de IPASEN. Es importante que recuerden que el nombre de usuario, est\u00e1 formado por siete letras y [&hellip;]<\/p>\n","protected":false},"author":1,"featured_media":0,"parent":0,"menu_order":0,"comment_status":"closed","ping_status":"closed","template":"","meta":{"footnotes":""},"class_list":["post-7866","page","type-page","status-publish","hentry"],"_links":{"self":[{"href":"https:\/\/juancaraballo.es\/index.php?rest_route=\/wp\/v2\/pages\/7866","targetHints":{"allow":["GET"]}}],"collection":[{"href":"https:\/\/juancaraballo.es\/index.php?rest_route=\/wp\/v2\/pages"}],"about":[{"href":"https:\/\/juancaraballo.es\/index.php?rest_route=\/wp\/v2\/types\/page"}],"author":[{"embeddable":true,"href":"https:\/\/juancaraballo.es\/index.php?rest_route=\/wp\/v2\/users\/1"}],"replies":[{"embeddable":true,"href":"https:\/\/juancaraballo.es\/index.php?rest_route=%2Fwp%2Fv2%2Fcomments&post=7866"}],"version-history":[{"count":4,"href":"https:\/\/juancaraballo.es\/index.php?rest_route=\/wp\/v2\/pages\/7866\/revisions"}],"predecessor-version":[{"id":8339,"href":"https:\/\/juancaraballo.es\/index.php?rest_route=\/wp\/v2\/pages\/7866\/revisions\/8339"}],"wp:attachment":[{"href":"https:\/\/juancaraballo.es\/index.php?rest_route=%2Fwp%2Fv2%2Fmedia&parent=7866"}],"curies":[{"name":"wp","href":"https:\/\/api.w.org\/{rel}","templated":true}]}}