{"id":4889,"date":"2020-10-06T16:07:57","date_gmt":"2020-10-06T16:07:57","guid":{"rendered":"http:\/\/juancaraballo.es\/?page_id=4889"},"modified":"2023-11-13T10:45:30","modified_gmt":"2023-11-13T10:45:30","slug":"libros-digitales-para-la-asignatura-de-ingles","status":"publish","type":"page","link":"https:\/\/juancaraballo.es\/?page_id=4889","title":{"rendered":"LIBROS DIGITALES PARA LA ASIGNATURA DE INGL\u00c9S CURSO 2023\/2024"},"content":{"rendered":"\n<p>Estimadas familias: <\/p>\n\n\n\n<p class=\"has-text-align-center\">Les comunicamos que pueden acceder a los libros digitales y recursos interactivos de la asignatura de Ingl\u00e9s a trav\u00e9s de los siguientes enlaces. No es necesario que se identifiquen con ning\u00fan usuario y contrase\u00f1a.  Para acceder deben pulsar sobre cada libro<\/p>\n\n\n\n<p><\/p>\n\n\n\n<figure class=\"wp-block-table is-style-regular\"><table><tbody><tr><td class=\"has-text-align-center\" data-align=\"center\"><a href=\"https:\/\/oxfordpremium.oupe.es\/app\/student\/0bb96c0f-7efa-11ee-a7a1-40f2e90709ca\"><img loading=\"lazy\" decoding=\"async\" width=\"150\" height=\"192\" class=\"wp-image-7232\" style=\"width: 150px;\" src=\"http:\/\/juancaraballo.es\/wp-content\/uploads\/2023\/11\/001-scaled.jpg\" alt=\"\" srcset=\"https:\/\/juancaraballo.es\/wp-content\/uploads\/2023\/11\/001-scaled.jpg 1999w, https:\/\/juancaraballo.es\/wp-content\/uploads\/2023\/11\/001-234x300.jpg 234w, https:\/\/juancaraballo.es\/wp-content\/uploads\/2023\/11\/001-799x1024.jpg 799w, https:\/\/juancaraballo.es\/wp-content\/uploads\/2023\/11\/001-768x984.jpg 768w, https:\/\/juancaraballo.es\/wp-content\/uploads\/2023\/11\/001-1199x1536.jpg 1199w, https:\/\/juancaraballo.es\/wp-content\/uploads\/2023\/11\/001-1599x2048.jpg 1599w\" sizes=\"auto, (max-width: 150px) 100vw, 150px\" \/><\/a><\/td><td class=\"has-text-align-center\" data-align=\"center\"><a href=\"https:\/\/oxfordpremium.oupe.es\/app\/student\/d9fef273-7ee1-11ee-a7a1-40f2e90709ca\"><img loading=\"lazy\" decoding=\"async\" width=\"150\" height=\"190\" class=\"wp-image-7233\" style=\"width: 150px;\" src=\"http:\/\/juancaraballo.es\/wp-content\/uploads\/2023\/11\/002.jpg\" alt=\"\"><\/a><\/td><td class=\"has-text-align-center\" data-align=\"center\"><img loading=\"lazy\" decoding=\"async\" width=\"150\" height=\"191\" class=\"wp-image-7234\" style=\"width: 150px;\" src=\"http:\/\/juancaraballo.es\/wp-content\/uploads\/2023\/11\/003.jpg\" alt=\"\"><\/td><\/tr><tr><td class=\"has-text-align-center\" data-align=\"center\"><a href=\"https:\/\/oxfordpremium.oupe.es\/app\/student\/0bb96c0f-7efa-11ee-a7a1-40f2e90709ca\">1\u00ba PRIMARIA<\/a><\/td><td class=\"has-text-align-center\" data-align=\"center\"><a href=\"https:\/\/oxfordpremium.oupe.es\/app\/student\/d9fef273-7ee1-11ee-a7a1-40f2e90709ca\">2\u00ba PRIMARIA<\/a><\/td><td class=\"has-text-align-center\" data-align=\"center\"><a href=\"https:\/\/oxfordpremium.oupe.es\/app\/student\/44b6bb98-7efa-11ee-801b-40f2e90708ea\">3\u00ba PRIMARIA<\/a><\/td><\/tr><tr><td class=\"has-text-align-center\" data-align=\"center\"><a href=\"https:\/\/oxfordpremium.oupe.es\/app\/student\/522deb05-7efa-11ee-a7a1-40f2e90709ca\"><img loading=\"lazy\" decoding=\"async\" width=\"150\" height=\"191\" class=\"wp-image-7235\" style=\"width: 150px;\" src=\"http:\/\/juancaraballo.es\/wp-content\/uploads\/2023\/11\/004.jpg\" alt=\"\"><\/a><\/td><td class=\"has-text-align-center\" data-align=\"center\"><a href=\"https:\/\/oxfordpremium.oupe.es\/app\/student\/d76920a8-7ee4-11ee-a7a1-40f2e90709ca\"><img loading=\"lazy\" decoding=\"async\" width=\"150\" height=\"189\" class=\"wp-image-7236\" style=\"width: 150px;\" src=\"http:\/\/juancaraballo.es\/wp-content\/uploads\/2023\/11\/005.jpg\" alt=\"\"><\/a><\/td><td class=\"has-text-align-center\" data-align=\"center\"><a href=\"https:\/\/oxfordpremium.oupe.es\/app\/student\/76e8aa7a-7ef9-11ee-801b-40f2e90708ea\"><img loading=\"lazy\" decoding=\"async\" width=\"150\" height=\"188\" class=\"wp-image-7237\" style=\"width: 150px;\" src=\"http:\/\/juancaraballo.es\/wp-content\/uploads\/2023\/11\/006.jpg\" alt=\"\"><\/a><\/td><\/tr><tr><td class=\"has-text-align-center\" data-align=\"center\"><a href=\"https:\/\/oxfordpremium.oupe.es\/app\/student\/522deb05-7efa-11ee-a7a1-40f2e90709ca\">4\u00ba PRIMARIA<\/a><\/td><td class=\"has-text-align-center\" data-align=\"center\"><a href=\"https:\/\/oxfordpremium.oupe.es\/app\/student\/d76920a8-7ee4-11ee-a7a1-40f2e90709ca\">5\u00ba PRIMARIA<\/a><\/td><td class=\"has-text-align-center\" data-align=\"center\"><a href=\"https:\/\/oxfordpremium.oupe.es\/app\/student\/76e8aa7a-7ef9-11ee-801b-40f2e90708ea\">6\u00ba PRIMARIA<\/a><\/td><\/tr><\/tbody><\/table><\/figure>\n\n\n\n<p><\/p>\n","protected":false},"excerpt":{"rendered":"<p>Estimadas familias: Les comunicamos que pueden acceder a los libros digitales y recursos interactivos de la asignatura de Ingl\u00e9s a trav\u00e9s de los siguientes enlaces. No es necesario que se identifiquen con ning\u00fan usuario y contrase\u00f1a. Para acceder deben pulsar sobre cada libro 1\u00ba PRIMARIA 2\u00ba PRIMARIA 3\u00ba PRIMARIA 4\u00ba PRIMARIA 5\u00ba PRIMARIA 6\u00ba PRIMARIA<\/p>\n","protected":false},"author":1,"featured_media":0,"parent":0,"menu_order":0,"comment_status":"closed","ping_status":"closed","template":"","meta":{"footnotes":""},"class_list":["post-4889","page","type-page","status-publish","hentry"],"_links":{"self":[{"href":"https:\/\/juancaraballo.es\/index.php?rest_route=\/wp\/v2\/pages\/4889","targetHints":{"allow":["GET"]}}],"collection":[{"href":"https:\/\/juancaraballo.es\/index.php?rest_route=\/wp\/v2\/pages"}],"about":[{"href":"https:\/\/juancaraballo.es\/index.php?rest_route=\/wp\/v2\/types\/page"}],"author":[{"embeddable":true,"href":"https:\/\/juancaraballo.es\/index.php?rest_route=\/wp\/v2\/users\/1"}],"replies":[{"embeddable":true,"href":"https:\/\/juancaraballo.es\/index.php?rest_route=%2Fwp%2Fv2%2Fcomments&post=4889"}],"version-history":[{"count":17,"href":"https:\/\/juancaraballo.es\/index.php?rest_route=\/wp\/v2\/pages\/4889\/revisions"}],"predecessor-version":[{"id":7238,"href":"https:\/\/juancaraballo.es\/index.php?rest_route=\/wp\/v2\/pages\/4889\/revisions\/7238"}],"wp:attachment":[{"href":"https:\/\/juancaraballo.es\/index.php?rest_route=%2Fwp%2Fv2%2Fmedia&parent=4889"}],"curies":[{"name":"wp","href":"https:\/\/api.w.org\/{rel}","templated":true}]}}