{"id":8294,"date":"2025-09-01T15:39:59","date_gmt":"2025-09-01T15:39:59","guid":{"rendered":"http:\/\/juancaraballo.es\/?page_id=8294"},"modified":"2025-09-01T15:41:15","modified_gmt":"2025-09-01T15:41:15","slug":"convocatoria-reuniones-informativas-para-las-familias","status":"publish","type":"page","link":"http:\/\/juancaraballo.es\/?page_id=8294","title":{"rendered":"CONVOCATORIA REUNIONES INFORMATIVAS PARA LAS FAMILIAS"},"content":{"rendered":"\n<p class=\"has-text-align-center\">Estimadas familias:<\/p>\n\n\n\n<p class=\"has-text-align-center\"><br>Les informamos que el pr\u00f3ximo mi\u00e9rcoles d\u00eda 3 de septiembre a las 11:00 horas, tendr\u00e1n lugar las reuniones informativas de Infantil 3 a\u00f1os y aula espec\u00edfica. <\/p>\n\n\n\n<p class=\"has-text-align-center\">Se ruega la asistencia pues en ellas se tratar\u00e1n temas de inter\u00e9s general para el buen desarrollo del curso.<\/p>\n","protected":false},"excerpt":{"rendered":"<p>Estimadas familias: Les informamos que el pr\u00f3ximo mi\u00e9rcoles d\u00eda 3 de septiembre a las 11:00 horas, tendr\u00e1n lugar las reuniones informativas de Infantil 3 a\u00f1os y aula espec\u00edfica. Se ruega la asistencia pues en ellas se tratar\u00e1n temas de inter\u00e9s general para el buen desarrollo del curso.<\/p>\n","protected":false},"author":1,"featured_media":0,"parent":0,"menu_order":0,"comment_status":"closed","ping_status":"closed","template":"","meta":{"footnotes":""},"class_list":["post-8294","page","type-page","status-publish","hentry"],"_links":{"self":[{"href":"http:\/\/juancaraballo.es\/index.php?rest_route=\/wp\/v2\/pages\/8294","targetHints":{"allow":["GET"]}}],"collection":[{"href":"http:\/\/juancaraballo.es\/index.php?rest_route=\/wp\/v2\/pages"}],"about":[{"href":"http:\/\/juancaraballo.es\/index.php?rest_route=\/wp\/v2\/types\/page"}],"author":[{"embeddable":true,"href":"http:\/\/juancaraballo.es\/index.php?rest_route=\/wp\/v2\/users\/1"}],"replies":[{"embeddable":true,"href":"http:\/\/juancaraballo.es\/index.php?rest_route=%2Fwp%2Fv2%2Fcomments&post=8294"}],"version-history":[{"count":2,"href":"http:\/\/juancaraballo.es\/index.php?rest_route=\/wp\/v2\/pages\/8294\/revisions"}],"predecessor-version":[{"id":8297,"href":"http:\/\/juancaraballo.es\/index.php?rest_route=\/wp\/v2\/pages\/8294\/revisions\/8297"}],"wp:attachment":[{"href":"http:\/\/juancaraballo.es\/index.php?rest_route=%2Fwp%2Fv2%2Fmedia&parent=8294"}],"curies":[{"name":"wp","href":"https:\/\/api.w.org\/{rel}","templated":true}]}}