{"id":5779,"date":"2021-11-16T11:28:45","date_gmt":"2021-11-16T11:28:45","guid":{"rendered":"http:\/\/juancaraballo.es\/?page_id=5779"},"modified":"2021-11-16T11:30:23","modified_gmt":"2021-11-16T11:30:23","slug":"plan-de-autoproteccion","status":"publish","type":"page","link":"http:\/\/juancaraballo.es\/?page_id=5779","title":{"rendered":"PLAN DE AUTOPROTECCI\u00d3N"},"content":{"rendered":"\n<p>Estimadas familias: <\/p>\n\n\n\n<p>Podr\u00e1n consultar el plan de autoprotecci\u00f3n pasando por la Secretar\u00eda del Centro. <\/p>\n","protected":false},"excerpt":{"rendered":"<p>Estimadas familias: Podr\u00e1n consultar el plan de autoprotecci\u00f3n pasando por la Secretar\u00eda del Centro.<\/p>\n","protected":false},"author":1,"featured_media":0,"parent":0,"menu_order":0,"comment_status":"closed","ping_status":"closed","template":"","meta":{"footnotes":""},"class_list":["post-5779","page","type-page","status-publish","hentry"],"_links":{"self":[{"href":"http:\/\/juancaraballo.es\/index.php?rest_route=\/wp\/v2\/pages\/5779","targetHints":{"allow":["GET"]}}],"collection":[{"href":"http:\/\/juancaraballo.es\/index.php?rest_route=\/wp\/v2\/pages"}],"about":[{"href":"http:\/\/juancaraballo.es\/index.php?rest_route=\/wp\/v2\/types\/page"}],"author":[{"embeddable":true,"href":"http:\/\/juancaraballo.es\/index.php?rest_route=\/wp\/v2\/users\/1"}],"replies":[{"embeddable":true,"href":"http:\/\/juancaraballo.es\/index.php?rest_route=%2Fwp%2Fv2%2Fcomments&post=5779"}],"version-history":[{"count":2,"href":"http:\/\/juancaraballo.es\/index.php?rest_route=\/wp\/v2\/pages\/5779\/revisions"}],"predecessor-version":[{"id":5782,"href":"http:\/\/juancaraballo.es\/index.php?rest_route=\/wp\/v2\/pages\/5779\/revisions\/5782"}],"wp:attachment":[{"href":"http:\/\/juancaraballo.es\/index.php?rest_route=%2Fwp%2Fv2%2Fmedia&parent=5779"}],"curies":[{"name":"wp","href":"https:\/\/api.w.org\/{rel}","templated":true}]}}