{"id":4656,"date":"2020-09-07T10:06:26","date_gmt":"2020-09-07T10:06:26","guid":{"rendered":"http:\/\/juancaraballo.es\/?page_id=4656"},"modified":"2023-03-14T12:07:15","modified_gmt":"2023-03-14T12:07:15","slug":"profesorado-curso-2020-2021","status":"publish","type":"page","link":"http:\/\/juancaraballo.es\/?page_id=4656","title":{"rendered":"PROFESORADO CURSO 2022 \/ 2023"},"content":{"rendered":"\n<figure class=\"wp-block-table is-style-stripes\"><table><tbody><tr><td class=\"has-text-align-center\" data-align=\"center\">D. ANTONIO GUERRA<\/td><td class=\"has-text-align-center\" data-align=\"center\">DIRECTOR<\/td><\/tr><tr><td class=\"has-text-align-center\" data-align=\"center\">D\u00aa. DOLORES ISORNA<\/td><td class=\"has-text-align-center\" data-align=\"center\">JEFA DE ESTUDIOS<\/td><\/tr><tr><td class=\"has-text-align-center\" data-align=\"center\">D\u00aa. ROSARIO GUILL\u00c9N<\/td><td class=\"has-text-align-center\" data-align=\"center\">SECRETARIA<\/td><\/tr><tr><td class=\"has-text-align-center\" data-align=\"center\">D\u00aa. RAQUEL VEGAS<\/td><td class=\"has-text-align-center\" data-align=\"center\">E. INFANTIL 3 A\u00d1OS A<\/td><\/tr><tr><td class=\"has-text-align-center\" data-align=\"center\">D\u00aa. RAQUEL CENTENO<\/td><td class=\"has-text-align-center\" data-align=\"center\">E. INFANTIL 3 A\u00d1OS B<\/td><\/tr><tr><td class=\"has-text-align-center\" data-align=\"center\">D\u00aa. ANA M\u00aa GONZ\u00c1LEZ<\/td><td class=\"has-text-align-center\" data-align=\"center\">E. INFANTIL 4 A\u00d1OS A<\/td><\/tr><tr><td class=\"has-text-align-center\" data-align=\"center\">D\u00aa. SARA JIM\u00c9NEZ<\/td><td class=\"has-text-align-center\" data-align=\"center\">E. INFANTIL 5 A\u00d1OS A<\/td><\/tr><tr><td class=\"has-text-align-center\" data-align=\"center\">D\u00aa. \u00c1NGELA \u00c1LVAREZ<\/td><td class=\"has-text-align-center\" data-align=\"center\">1\u00ba A<\/td><\/tr><tr><td class=\"has-text-align-center\" data-align=\"center\">D\u00aa. CARMEN \u00c1NGELES GARC\u00cdA<\/td><td class=\"has-text-align-center\" data-align=\"center\">1\u00ba B<\/td><\/tr><tr><td class=\"has-text-align-center\" data-align=\"center\">D\u00aa TERESA CARRANZA<\/td><td class=\"has-text-align-center\" data-align=\"center\">2\u00ba A<\/td><\/tr><tr><td class=\"has-text-align-center\" data-align=\"center\">D\u00aa. FRANCISCA JIM\u00c9NEZ<\/td><td class=\"has-text-align-center\" data-align=\"center\">2\u00ba B<\/td><\/tr><tr><td class=\"has-text-align-center\" data-align=\"center\">D\u00aa CRISTINA JURADA<\/td><td class=\"has-text-align-center\" data-align=\"center\">3\u00ba A <\/td><\/tr><tr><td class=\"has-text-align-center\" data-align=\"center\">D. JOS\u00c9 M\u00aa LE\u00d3N<\/td><td class=\"has-text-align-center\" data-align=\"center\">3\u00ba B<\/td><\/tr><tr><td class=\"has-text-align-center\" data-align=\"center\">D\u00aa. ROSARIO GUILL\u00c9N<\/td><td class=\"has-text-align-center\" data-align=\"center\">4\u00ba A<\/td><\/tr><tr><td class=\"has-text-align-center\" data-align=\"center\">D\u00aa. M\u00aa. ROSARIO JIM\u00c9NEZ<\/td><td class=\"has-text-align-center\" data-align=\"center\">4\u00ba B<\/td><\/tr><tr><td class=\"has-text-align-center\" data-align=\"center\">D\u00aa VER\u00d3NICA HARO \/ D. ANTONIO L\u00d3PEZ<\/td><td class=\"has-text-align-center\" data-align=\"center\">5\u00ba A <\/td><\/tr><tr><td class=\"has-text-align-center\" data-align=\"center\">D. ZAHIRA ROPERO<\/td><td class=\"has-text-align-center\" data-align=\"center\">5\u00ba B<\/td><\/tr><tr><td class=\"has-text-align-center\" data-align=\"center\">D\u00aa ROC\u00cdO M\u00c1RQUEZ<\/td><td class=\"has-text-align-center\" data-align=\"center\">5\u00ba C<\/td><\/tr><tr><td class=\"has-text-align-center\" data-align=\"center\">D\u00aa. ALBA M\u00aa G\u00c1NDARA<\/td><td class=\"has-text-align-center\" data-align=\"center\">6\u00ba A <\/td><\/tr><tr><td class=\"has-text-align-center\" data-align=\"center\">D. ALONSO RAM\u00cdREZ<\/td><td class=\"has-text-align-center\" data-align=\"center\">6\u00ba B<\/td><\/tr><tr><td class=\"has-text-align-center\" data-align=\"center\">D\u00aa. JURDANA M\u00aa LE\u00d3N<\/td><td class=\"has-text-align-center\" data-align=\"center\">6\u00ba C<\/td><\/tr><tr><td class=\"has-text-align-center\" data-align=\"center\">D. \u00c1NGEL MAR\u00cdA S\u00c1NCHEZ<\/td><td class=\"has-text-align-center\" data-align=\"center\">M\u00daSICA \/ TIC<\/td><\/tr><tr><td class=\"has-text-align-center\" data-align=\"center\">D\u00aa. ANA CANO<\/td><td class=\"has-text-align-center\" data-align=\"center\">INGL\u00c9S<\/td><\/tr><tr><td class=\"has-text-align-center\" data-align=\"center\">D\u00aa. SOLEDAD RODR\u00cdGUEZ<\/td><td class=\"has-text-align-center\" data-align=\"center\">PEDAGOG\u00cdA TERAPEUTICA<\/td><\/tr><tr><td class=\"has-text-align-center\" data-align=\"center\">D\u00aa. ANA ISABEL JIM\u00c9NEZ<\/td><td class=\"has-text-align-center\" data-align=\"center\">PEDAGOG\u00cdA TERAPEUTICA<\/td><\/tr><tr><td class=\"has-text-align-center\" data-align=\"center\">D\u00aa. M\u00aa JOS\u00c9 ORTIZ<\/td><td class=\"has-text-align-center\" data-align=\"center\">RELIGI\u00d3N<\/td><\/tr><\/tbody><\/table><\/figure>\n","protected":false},"excerpt":{"rendered":"<p>D. ANTONIO GUERRA DIRECTOR D\u00aa. DOLORES ISORNA JEFA DE ESTUDIOS D\u00aa. ROSARIO GUILL\u00c9N SECRETARIA D\u00aa. RAQUEL VEGAS E. INFANTIL 3 A\u00d1OS A D\u00aa. RAQUEL CENTENO E. INFANTIL 3 A\u00d1OS B D\u00aa. ANA M\u00aa GONZ\u00c1LEZ E. INFANTIL 4 A\u00d1OS A D\u00aa. SARA JIM\u00c9NEZ E. INFANTIL 5 A\u00d1OS A D\u00aa. \u00c1NGELA \u00c1LVAREZ 1\u00ba A D\u00aa. CARMEN \u00c1NGELES [&hellip;]<\/p>\n","protected":false},"author":1,"featured_media":0,"parent":0,"menu_order":0,"comment_status":"closed","ping_status":"closed","template":"","meta":{"footnotes":""},"class_list":["post-4656","page","type-page","status-publish","hentry"],"_links":{"self":[{"href":"http:\/\/juancaraballo.es\/index.php?rest_route=\/wp\/v2\/pages\/4656","targetHints":{"allow":["GET"]}}],"collection":[{"href":"http:\/\/juancaraballo.es\/index.php?rest_route=\/wp\/v2\/pages"}],"about":[{"href":"http:\/\/juancaraballo.es\/index.php?rest_route=\/wp\/v2\/types\/page"}],"author":[{"embeddable":true,"href":"http:\/\/juancaraballo.es\/index.php?rest_route=\/wp\/v2\/users\/1"}],"replies":[{"embeddable":true,"href":"http:\/\/juancaraballo.es\/index.php?rest_route=%2Fwp%2Fv2%2Fcomments&post=4656"}],"version-history":[{"count":14,"href":"http:\/\/juancaraballo.es\/index.php?rest_route=\/wp\/v2\/pages\/4656\/revisions"}],"predecessor-version":[{"id":6666,"href":"http:\/\/juancaraballo.es\/index.php?rest_route=\/wp\/v2\/pages\/4656\/revisions\/6666"}],"wp:attachment":[{"href":"http:\/\/juancaraballo.es\/index.php?rest_route=%2Fwp%2Fv2%2Fmedia&parent=4656"}],"curies":[{"name":"wp","href":"https:\/\/api.w.org\/{rel}","templated":true}]}}