{"id":4215,"date":"2020-08-27T17:17:22","date_gmt":"2020-08-27T17:17:22","guid":{"rendered":"http:\/\/juancaraballo.es\/?page_id=4215"},"modified":"2021-11-22T16:34:53","modified_gmt":"2021-11-22T16:34:53","slug":"aula-arco-iris","status":"publish","type":"page","link":"http:\/\/juancaraballo.es\/?page_id=4215","title":{"rendered":"Aula Arco Iris"},"content":{"rendered":"\n<figure class=\"wp-block-image size-large is-resized\"><img loading=\"lazy\" decoding=\"async\" src=\"http:\/\/juancaraballo.es\/wp-content\/uploads\/2021\/11\/dibujo-de-arco-iris-1-1024x517.jpeg\" alt=\"\" class=\"wp-image-5813\" width=\"305\" height=\"154\" srcset=\"http:\/\/juancaraballo.es\/wp-content\/uploads\/2021\/11\/dibujo-de-arco-iris-1-1024x517.jpeg 1024w, http:\/\/juancaraballo.es\/wp-content\/uploads\/2021\/11\/dibujo-de-arco-iris-1-300x152.jpeg 300w, http:\/\/juancaraballo.es\/wp-content\/uploads\/2021\/11\/dibujo-de-arco-iris-1-768x388.jpeg 768w, http:\/\/juancaraballo.es\/wp-content\/uploads\/2021\/11\/dibujo-de-arco-iris-1.jpeg 1297w\" sizes=\"auto, (max-width: 305px) 100vw, 305px\" \/><\/figure>\n\n\n\n<figure class=\"wp-block-table\"><table><tbody><tr><td>22\/11\/2021<\/td><td><a href=\"http:\/\/juancaraballo.es\/?page_id=5801\">Actividades de jardiner\u00eda, cocina y decoraci\u00f3n de oto\u00f1o<\/a><\/td><\/tr><tr><td>22\/11\/2021<\/td><td><a href=\"http:\/\/juancaraballo.es\/?page_id=5816\">Actividades de Halloween<\/a><\/td><\/tr><\/tbody><\/table><\/figure>\n\n\n\n<p><\/p>\n","protected":false},"excerpt":{"rendered":"<p>22\/11\/2021 Actividades de jardiner\u00eda, cocina y decoraci\u00f3n de oto\u00f1o 22\/11\/2021 Actividades de Halloween<\/p>\n","protected":false},"author":1,"featured_media":0,"parent":0,"menu_order":0,"comment_status":"closed","ping_status":"closed","template":"","meta":{"footnotes":""},"class_list":["post-4215","page","type-page","status-publish","hentry"],"_links":{"self":[{"href":"http:\/\/juancaraballo.es\/index.php?rest_route=\/wp\/v2\/pages\/4215","targetHints":{"allow":["GET"]}}],"collection":[{"href":"http:\/\/juancaraballo.es\/index.php?rest_route=\/wp\/v2\/pages"}],"about":[{"href":"http:\/\/juancaraballo.es\/index.php?rest_route=\/wp\/v2\/types\/page"}],"author":[{"embeddable":true,"href":"http:\/\/juancaraballo.es\/index.php?rest_route=\/wp\/v2\/users\/1"}],"replies":[{"embeddable":true,"href":"http:\/\/juancaraballo.es\/index.php?rest_route=%2Fwp%2Fv2%2Fcomments&post=4215"}],"version-history":[{"count":5,"href":"http:\/\/juancaraballo.es\/index.php?rest_route=\/wp\/v2\/pages\/4215\/revisions"}],"predecessor-version":[{"id":5824,"href":"http:\/\/juancaraballo.es\/index.php?rest_route=\/wp\/v2\/pages\/4215\/revisions\/5824"}],"wp:attachment":[{"href":"http:\/\/juancaraballo.es\/index.php?rest_route=%2Fwp%2Fv2%2Fmedia&parent=4215"}],"curies":[{"name":"wp","href":"https:\/\/api.w.org\/{rel}","templated":true}]}}