{"id":4159,"date":"2020-08-27T10:54:01","date_gmt":"2020-08-27T10:54:01","guid":{"rendered":"http:\/\/juancaraballo.es\/?page_id=4159"},"modified":"2026-02-06T17:09:38","modified_gmt":"2026-02-06T17:09:38","slug":"contactar","status":"publish","type":"page","link":"http:\/\/juancaraballo.es\/?page_id=4159","title":{"rendered":"CONTACTAR"},"content":{"rendered":"\n<h4 class=\"wp-block-heading has-text-align-center\">Si desean ponerse en contacto con el Centro <\/h4>\n\n\n\n<h4 class=\"wp-block-heading has-text-align-center\">les ser\u00e1 de utilidad la siguiente informaci\u00f3n:<\/h4>\n\n\n\n<h3 class=\"wp-block-heading\"><a href=\"https:\/\/blogsaverroes.juntadeandalucia.es\/juancaraballo\/files\/2015\/05\/cole02.jpg\"><\/a><\/h3>\n\n\n\n<h4 class=\"wp-block-heading has-text-align-center\"><strong>Colegio Juan Caraballo<\/strong><\/h4>\n\n\n\n<h4 class=\"wp-block-heading has-text-align-center\">Calle Gerardo Diego 3<\/h4>\n\n\n\n<h4 class=\"wp-block-heading has-text-align-center\">Tel\u00e9fonos: <\/h4>\n\n\n\n<p class=\"has-text-align-center\">955 649 611 <\/p>\n\n\n\n<p class=\"has-text-align-center\">697 95 03 72<\/p>\n\n\n\n<p class=\"has-text-align-center\">671 534 227\u00a0\u00a0\u00a0<\/p>\n\n\n\n<h4 class=\"wp-block-heading has-text-align-center\"><\/h4>\n\n\n\n<h4 class=\"wp-block-heading has-text-align-center\">Email: <a href=\"mailto:41008982.edu@juntadeandalucia.es\">41008982.edu@juntadeandalucia.es<\/a>&nbsp;<\/h4>\n\n\n\n<h4 class=\"wp-block-heading has-text-align-center\">C.P: 41510 Mairena del Alcor ( Sevilla)<\/h4>\n","protected":false},"excerpt":{"rendered":"<p>Si desean ponerse en contacto con el Centro les ser\u00e1 de utilidad la siguiente informaci\u00f3n: Colegio Juan Caraballo Calle Gerardo Diego 3 Tel\u00e9fonos: 955 649 611 697 95 03 72 671 534 227\u00a0\u00a0\u00a0 Email: 41008982.edu@juntadeandalucia.es&nbsp; C.P: 41510 Mairena del Alcor ( Sevilla)<\/p>\n","protected":false},"author":1,"featured_media":0,"parent":0,"menu_order":0,"comment_status":"closed","ping_status":"closed","template":"","meta":{"footnotes":""},"class_list":["post-4159","page","type-page","status-publish","hentry"],"_links":{"self":[{"href":"http:\/\/juancaraballo.es\/index.php?rest_route=\/wp\/v2\/pages\/4159","targetHints":{"allow":["GET"]}}],"collection":[{"href":"http:\/\/juancaraballo.es\/index.php?rest_route=\/wp\/v2\/pages"}],"about":[{"href":"http:\/\/juancaraballo.es\/index.php?rest_route=\/wp\/v2\/types\/page"}],"author":[{"embeddable":true,"href":"http:\/\/juancaraballo.es\/index.php?rest_route=\/wp\/v2\/users\/1"}],"replies":[{"embeddable":true,"href":"http:\/\/juancaraballo.es\/index.php?rest_route=%2Fwp%2Fv2%2Fcomments&post=4159"}],"version-history":[{"count":9,"href":"http:\/\/juancaraballo.es\/index.php?rest_route=\/wp\/v2\/pages\/4159\/revisions"}],"predecessor-version":[{"id":8456,"href":"http:\/\/juancaraballo.es\/index.php?rest_route=\/wp\/v2\/pages\/4159\/revisions\/8456"}],"wp:attachment":[{"href":"http:\/\/juancaraballo.es\/index.php?rest_route=%2Fwp%2Fv2%2Fmedia&parent=4159"}],"curies":[{"name":"wp","href":"https:\/\/api.w.org\/{rel}","templated":true}]}}