{"id":4093,"date":"2020-08-27T09:50:08","date_gmt":"2020-08-27T09:50:08","guid":{"rendered":"http:\/\/juancaraballo.es\/?page_id=4093"},"modified":"2020-08-27T17:42:12","modified_gmt":"2020-08-27T17:42:12","slug":"que-es-el-ampa","status":"publish","type":"page","link":"http:\/\/juancaraballo.es\/?page_id=4093","title":{"rendered":"\u00bfQu\u00e9 es el AMPA?"},"content":{"rendered":"\n<h4 class=\"wp-block-heading\"><a href=\"http:\/\/blogsaverroes.juntadeandalucia.es\/juancaraballo\/quienes-formamos-el-consejo-escolar\/consejo_escolar\/\"><\/a><\/h4>\n\n\n\n<h4 class=\"wp-block-heading\">El <strong>AMPA<\/strong> es una asociaci\u00f3n sin \u00e1nimo de lucro que formada por los padres y madres de todo el alumnado del Colegio.<\/h4>\n\n\n\n<h4 class=\"wp-block-heading\">Es un punto de encuentro y de trabajo independiente, abierto y plural.<\/h4>\n\n\n\n<h4 class=\"wp-block-heading\">Desde el AMPA podemos contribuir a la mejora de la calidad de la educaci\u00f3n, la convivencia del centro y de las instalaciones.<\/h4>\n\n\n\n<h4 class=\"wp-block-heading\">\u00bfpor qu\u00e9 es importante vuestra participaci\u00f3n?<\/h4>\n\n\n\n<h4 class=\"wp-block-heading\">En el colegio existen espacios de participaci\u00f3n, siendo el AMPA &nbsp;el \u00fanico espacio de participaci\u00f3n aut\u00f3nomo de padres y madres. El AMPA es importante porque:<\/h4>\n\n\n\n<ul class=\"wp-block-list\"><li>Somos corresponsables de la educaci\u00f3n que nuestros hijos\/as reciben en el colegio.<\/li><li>Es un espacio para aportar iniciativas y trabajar con la direcci\u00f3n del Centro, sin depender de esta.<\/li><\/ul>\n\n\n\n<h4 class=\"wp-block-heading\">\u00bfc\u00f3mo puedes participar?<\/h4>\n\n\n\n<h4 class=\"wp-block-heading\">Participar en el AMPA es muy f\u00e1cil y cada uno decide el nivel de implicaci\u00f3n.<\/h4>\n\n\n\n<ul class=\"wp-block-list\"><li>Podemos asociarnos en cualquier momento, aunque se entrega a las familias una ficha de inscripci\u00f3n con la matr\u00edcula en la que se indica la cuota anual por cada familia (la cuota es por familia no por ni\u00f1o\/a)<\/li><li>Podemos tambi\u00e9n participar a trav\u00e9s de las asambleas, incorpor\u00e1ndote a las reuniones&nbsp;abiertas que se convoquen.<\/li><li>Podemos colaborar en los diferentes grupos de trabajo o&nbsp;en actividades puntuales que se organizan desde el AMPA a lo largo del curso.<\/li><li>Podemos proponer iniciativas, plantear temas de debate, organizar actividades, etc., &nbsp;dirigi\u00e9ndote a cualquier miembro de la junta directiva o a trav\u00e9s del blog.<\/li><\/ul>\n\n\n\n<h4 class=\"wp-block-heading\">Como ves, hay muchas formas de participar y es muy importante que m\u00e1s padres y madres pasemos a la participa-ACCI\u00d3N,&nbsp;&nbsp;de forma activa y colectiva.<\/h4>\n\n\n\n<h4 class=\"wp-block-heading\">\u00bfpara qu\u00e9 sirve?<\/h4>\n\n\n\n<ul class=\"wp-block-list\"><li>Para defender y velar por el derecho a una educaci\u00f3n de calidad, democr\u00e1tica, atendiendo a las necesidades de todos los ni\u00f1os\/as &nbsp;y cr\u00edtica.<\/li><li>Para promover la participaci\u00f3n de padres y madres en la vida del centro, defendiendo los intereses del alumnado y de toda la comunidad educativa.<\/li><li>Para buscar soluciones de forma colectiva a temas relacionados con la ense\u00f1anza y educaci\u00f3n de nuestros hijos\/as.<\/li><li>Para crear espacios de encuentro y trabajo en el resto de la comunidad educativa y con el entorno.<\/li><li>Para crear espacios de reflexi\u00f3n y participaci\u00f3n compartida sobre la educaci\u00f3n de nuestros hijos\/asPara participar en la gesti\u00f3n del colegio.<\/li><\/ul>\n\n\n\n<h4 class=\"wp-block-heading\">\u00bfc\u00f3mo se financia?<\/h4>\n\n\n\n<h4 class=\"wp-block-heading\">El AMPA &nbsp;se financia a trav\u00e9s de las cuotas de socios\/as.<br>La cuota de socios\/as es el \u00fanico pago que realizan las familias y que gestiona el AMPA para el beneficio exclusivo de la comunidad educativa y en definitiva de la educaci\u00f3n que reciben&nbsp; nuestros hijos\/as en el centro.<\/h4>\n","protected":false},"excerpt":{"rendered":"<p>El AMPA es una asociaci\u00f3n sin \u00e1nimo de lucro que formada por los padres y madres de todo el alumnado del Colegio. Es un punto de encuentro y de trabajo independiente, abierto y plural. Desde el AMPA podemos contribuir a la mejora de la calidad de la educaci\u00f3n, la convivencia del centro y de las [&hellip;]<\/p>\n","protected":false},"author":1,"featured_media":0,"parent":0,"menu_order":0,"comment_status":"closed","ping_status":"closed","template":"","meta":{"footnotes":""},"class_list":["post-4093","page","type-page","status-publish","hentry"],"_links":{"self":[{"href":"http:\/\/juancaraballo.es\/index.php?rest_route=\/wp\/v2\/pages\/4093","targetHints":{"allow":["GET"]}}],"collection":[{"href":"http:\/\/juancaraballo.es\/index.php?rest_route=\/wp\/v2\/pages"}],"about":[{"href":"http:\/\/juancaraballo.es\/index.php?rest_route=\/wp\/v2\/types\/page"}],"author":[{"embeddable":true,"href":"http:\/\/juancaraballo.es\/index.php?rest_route=\/wp\/v2\/users\/1"}],"replies":[{"embeddable":true,"href":"http:\/\/juancaraballo.es\/index.php?rest_route=%2Fwp%2Fv2%2Fcomments&post=4093"}],"version-history":[{"count":2,"href":"http:\/\/juancaraballo.es\/index.php?rest_route=\/wp\/v2\/pages\/4093\/revisions"}],"predecessor-version":[{"id":4244,"href":"http:\/\/juancaraballo.es\/index.php?rest_route=\/wp\/v2\/pages\/4093\/revisions\/4244"}],"wp:attachment":[{"href":"http:\/\/juancaraballo.es\/index.php?rest_route=%2Fwp%2Fv2%2Fmedia&parent=4093"}],"curies":[{"name":"wp","href":"https:\/\/api.w.org\/{rel}","templated":true}]}}