{"id":4073,"date":"2020-08-27T09:43:39","date_gmt":"2020-08-27T09:43:39","guid":{"rendered":"http:\/\/juancaraballo.es\/?page_id=4073"},"modified":"2025-11-05T17:36:30","modified_gmt":"2025-11-05T17:36:30","slug":"proyecto-educativo","status":"publish","type":"page","link":"http:\/\/juancaraballo.es\/?page_id=4073","title":{"rendered":"Proyecto educativo"},"content":{"rendered":"\n<h2 class=\"wp-block-heading has-text-align-center has-small-font-size\">Un centro se define en gran medida por su <strong>Proyecto Educativo<\/strong>, en el que se refleja el modelo educativo y la concreci\u00f3n de la normativa que se lleva a cabo respecto a las ense\u00f1anzas que imparte. Aspectos tales como las finales educativas, objetivos, atenci\u00f3n a la diversidad, etc.<\/h2>\n\n\n\n<h2 class=\"wp-block-heading\"><a href=\"https:\/\/blogsaverroes.juntadeandalucia.es\/juancaraballo\/files\/2015\/05\/cole02.jpg\"><\/a><\/h2>\n\n\n\n<h2 class=\"wp-block-heading has-text-align-center has-small-font-size\">Que la web de un centro informe de su Proyecto Educativo es una apuesta clara por la <strong>transparencia<\/strong>.<\/h2>\n\n\n\n<p><\/p>\n\n\n\n<h2 class=\"wp-block-heading has-text-align-center has-small-font-size\">Este espacio pretende mostrar tanto los aspectos esenciales del Proyecto como enlazar a otros documentos o secciones con informaci\u00f3n m\u00e1s detallada.<\/h2>\n\n\n\n<h2 class=\"wp-block-heading has-text-align-center has-small-font-size\"><\/h2>\n\n\n\n<p><\/p>\n\n\n\n<figure class=\"wp-block-table\"><table class=\"has-fixed-layout\"><tbody><tr><td class=\"has-text-align-center\" data-align=\"center\"><strong><a href=\"http:\/\/juancaraballo.es\/wp-content\/uploads\/2025\/11\/Proyecto-Educativo-Curso-25-26.pdf\">PROYECTO EDUCATIVO<\/a><\/strong><\/td><td class=\"has-text-align-center\" data-align=\"center\"><strong><a href=\"http:\/\/juancaraballo.es\/wp-content\/uploads\/2025\/11\/ROF-25-26.pdf\">ROF<\/a><\/strong><\/td><\/tr><tr><td class=\"has-text-align-center\" data-align=\"center\"><strong><a href=\"http:\/\/juancaraballo.es\/wp-content\/uploads\/2024\/11\/PLAN-DE-ATENCION-A-LA-DIVERSIDAD-24-25.pdf\">PLAN DE ATENCI\u00d3N A LA DIVERSIDAD<\/a><\/strong><\/td><td class=\"has-text-align-center\" data-align=\"center\"><strong><a href=\"http:\/\/juancaraballo.es\/wp-content\/uploads\/2025\/11\/PLAN-DE-ACCION-25-26.pdf\">PLAN DE ORIENTACI\u00d3N Y ACCI\u00d3N TUTORIAL<\/a><\/strong><\/td><\/tr><tr><td class=\"has-text-align-center\" data-align=\"center\"><strong><a href=\"http:\/\/juancaraballo.es\/wp-content\/uploads\/2025\/11\/PLAN-DE-CONVIVENCIA-Curso-25-26.pdf\">PLAN DE CONVIVENCIA<\/a><\/strong><\/td><td class=\"has-text-align-center\" data-align=\"center\"><strong><a href=\"http:\/\/juancaraballo.es\/?page_id=5779\">PLAN DE AUTOPROTECCI\u00d3N<\/a><\/strong><\/td><\/tr><tr><td class=\"has-text-align-center\" data-align=\"center\"><a href=\"https:\/\/blogsaverroes.juntadeandalucia.es\/juancaraballo\/files\/2019\/11\/TIC-CEIP-Juan-Caraballo.pdf\"><strong>PROYECTO TIC<\/strong><\/a><\/td><td class=\"has-text-align-center\" data-align=\"center\"><strong><a href=\"http:\/\/juancaraballo.es\/wp-content\/uploads\/2024\/11\/PROYECTO-DE-GESTION-24-25.pdf\">PROYECTO DE GESTI\u00d3N&nbsp;<\/a><\/strong><\/td><\/tr><tr><td class=\"has-text-align-center\" data-align=\"center\"><strong><a href=\"http:\/\/juancaraballo.es\/wp-content\/uploads\/2020\/11\/REGLAMENTO_DE_FUNCIONAMIENTO_DEL_COMEDOR_ESCOLAR_DEL_CENTRO-convertido.pdf\">NORMAS COMEDOR ESCOLAR<\/a><\/strong><\/td><td class=\"has-text-align-center\" data-align=\"center\"><strong><a href=\"https:\/\/juancaraballo.es\/?page_id=8008\">DOCUMENTOS CURRICULARES<\/a><\/strong><\/td><\/tr><\/tbody><\/table><\/figure>\n\n\n\n<p><\/p>\n","protected":false},"excerpt":{"rendered":"<p>Un centro se define en gran medida por su Proyecto Educativo, en el que se refleja el modelo educativo y la concreci\u00f3n de la normativa que se lleva a cabo respecto a las ense\u00f1anzas que imparte. Aspectos tales como las finales educativas, objetivos, atenci\u00f3n a la diversidad, etc. Que la web de un centro informe [&hellip;]<\/p>\n","protected":false},"author":1,"featured_media":0,"parent":0,"menu_order":0,"comment_status":"closed","ping_status":"closed","template":"","meta":{"footnotes":""},"class_list":["post-4073","page","type-page","status-publish","hentry"],"_links":{"self":[{"href":"http:\/\/juancaraballo.es\/index.php?rest_route=\/wp\/v2\/pages\/4073","targetHints":{"allow":["GET"]}}],"collection":[{"href":"http:\/\/juancaraballo.es\/index.php?rest_route=\/wp\/v2\/pages"}],"about":[{"href":"http:\/\/juancaraballo.es\/index.php?rest_route=\/wp\/v2\/types\/page"}],"author":[{"embeddable":true,"href":"http:\/\/juancaraballo.es\/index.php?rest_route=\/wp\/v2\/users\/1"}],"replies":[{"embeddable":true,"href":"http:\/\/juancaraballo.es\/index.php?rest_route=%2Fwp%2Fv2%2Fcomments&post=4073"}],"version-history":[{"count":52,"href":"http:\/\/juancaraballo.es\/index.php?rest_route=\/wp\/v2\/pages\/4073\/revisions"}],"predecessor-version":[{"id":8405,"href":"http:\/\/juancaraballo.es\/index.php?rest_route=\/wp\/v2\/pages\/4073\/revisions\/8405"}],"wp:attachment":[{"href":"http:\/\/juancaraballo.es\/index.php?rest_route=%2Fwp%2Fv2%2Fmedia&parent=4073"}],"curies":[{"name":"wp","href":"https:\/\/api.w.org\/{rel}","templated":true}]}}