{"id":4069,"date":"2020-08-27T09:43:39","date_gmt":"2020-08-27T09:43:39","guid":{"rendered":"http:\/\/juancaraballo.es\/?page_id=4069"},"modified":"2025-09-01T15:30:09","modified_gmt":"2025-09-01T15:30:09","slug":"equipo-directivo","status":"publish","type":"page","link":"http:\/\/juancaraballo.es\/?page_id=4069","title":{"rendered":"Equipo directivo"},"content":{"rendered":"\n<h4 class=\"wp-block-heading has-text-align-center\">El equipo directivo durante el curso 2025\/2026 est\u00e1 compuesto por:<\/h4>\n\n\n\n<h4 class=\"wp-block-heading has-text-align-center\"><a href=\"https:\/\/blogsaverroes.juntadeandalucia.es\/juancaraballo\/files\/2016\/10\/D.png\"><\/a><\/h4>\n\n\n\n<h4 class=\"wp-block-heading has-text-align-center\">Direcci\u00f3n: D.\u00a0Gracia Guill\u00e9n S\u00e1nchez<\/h4>\n\n\n\n<h4 class=\"wp-block-heading has-text-align-center\">Jefatura de estudios: D\u00aa. Carmen \u00c1ngeles Garc\u00eda Jim\u00e9nez<\/h4>\n\n\n\n<h4 class=\"wp-block-heading has-text-align-center\">Secretar\u00eda: D\u00aa. Ana Mary Gonz\u00e1lez Alcaide<\/h4>\n\n\n\n<p><\/p>\n","protected":false},"excerpt":{"rendered":"<p>El equipo directivo durante el curso 2025\/2026 est\u00e1 compuesto por: Direcci\u00f3n: D.\u00a0Gracia Guill\u00e9n S\u00e1nchez Jefatura de estudios: D\u00aa. Carmen \u00c1ngeles Garc\u00eda Jim\u00e9nez Secretar\u00eda: D\u00aa. Ana Mary Gonz\u00e1lez Alcaide<\/p>\n","protected":false},"author":1,"featured_media":0,"parent":0,"menu_order":0,"comment_status":"closed","ping_status":"closed","template":"","meta":{"footnotes":""},"class_list":["post-4069","page","type-page","status-publish","hentry"],"_links":{"self":[{"href":"http:\/\/juancaraballo.es\/index.php?rest_route=\/wp\/v2\/pages\/4069","targetHints":{"allow":["GET"]}}],"collection":[{"href":"http:\/\/juancaraballo.es\/index.php?rest_route=\/wp\/v2\/pages"}],"about":[{"href":"http:\/\/juancaraballo.es\/index.php?rest_route=\/wp\/v2\/types\/page"}],"author":[{"embeddable":true,"href":"http:\/\/juancaraballo.es\/index.php?rest_route=\/wp\/v2\/users\/1"}],"replies":[{"embeddable":true,"href":"http:\/\/juancaraballo.es\/index.php?rest_route=%2Fwp%2Fv2%2Fcomments&post=4069"}],"version-history":[{"count":10,"href":"http:\/\/juancaraballo.es\/index.php?rest_route=\/wp\/v2\/pages\/4069\/revisions"}],"predecessor-version":[{"id":8283,"href":"http:\/\/juancaraballo.es\/index.php?rest_route=\/wp\/v2\/pages\/4069\/revisions\/8283"}],"wp:attachment":[{"href":"http:\/\/juancaraballo.es\/index.php?rest_route=%2Fwp%2Fv2%2Fmedia&parent=4069"}],"curies":[{"name":"wp","href":"https:\/\/api.w.org\/{rel}","templated":true}]}}