{"id":4068,"date":"2020-08-27T09:43:39","date_gmt":"2020-08-27T09:43:39","guid":{"rendered":"http:\/\/juancaraballo.es\/?page_id=4068"},"modified":"2025-09-01T15:25:29","modified_gmt":"2025-09-01T15:25:29","slug":"datos-del-centro","status":"publish","type":"page","link":"http:\/\/juancaraballo.es\/?page_id=4068","title":{"rendered":"Datos del Centro"},"content":{"rendered":"\n<figure class=\"wp-block-table\"><table><tbody><tr><td><a href=\"https:\/\/blogsaverroes.juntadeandalucia.es\/juancaraballo\/files\/2015\/03\/escudo-andalucia.jpg\"><\/a>El colegio de Educaci\u00f3n Infantil y Primaria\u00a0Juan Caraballo\u00a0se encuentra ubicado en la Calle Gerardo Diego 3, de la localidad de Mairena del Alcor, municipio de la provincia de Sevilla.<br>\u00a0<br>Para nuestra tarea docente contamos con veinte aulas para las diferentes unidades, una sala de usos m\u00faltiples con un equipo de proyecci\u00f3n multimedia en formato de gran pantalla, en la que adem\u00e1s se lleva a cabo la atenci\u00f3n de los alumnos que asisten al aula matinal y aula de mediod\u00eda.\u00a0<br>\u00a0<br>Para las especialidades contamos con aula de m\u00fasica, aula de ingl\u00e9s, aula de apoyo a la Integraci\u00f3n que atiende al alumnado con necesidades educativas especiales y aula espec\u00edfica.\u00a0<br>\u00a0<br>Todas las aulas de Infantil y Primaria, as\u00ed como las de m\u00fasica e ingl\u00e9s cuentan con pizarras digitales o sistemas de proyecci\u00f3n, calefacci\u00f3n y aire acondicionado.\u00a0<br>\u00a0<br>Igualmente contamos con los servicios de comedor escolar, aula matinal, actividades extraescolares y aula de mediod\u00eda.\u00a0<br>\u00a0<br>Los espacios para el personal docente se completan con una sala de profesores, el despacho de direcci\u00f3n y la secretar\u00eda, en la que se atienden labores administrativas.\u00a0<br>\u00a0<br>Hay, adem\u00e1s, una sala para copister\u00eda equipada con equipos de impresi\u00f3n que permiten facilitar a nuestro alumnado materiales complementarios a los libros de texto.<br>\u00a0<br>En el exterior del edificio, en su parte trasera, contamos con el patio\u00a0para Educaci\u00f3n Infantil y aula espec\u00edfica que se encuentra delimitado y acotado para dichos alumnos. El patio de Primaria cuenta con una pista de baloncesto, otra polideportiva y amplia zona de albero que proporcionan a nuestro alumnado espacio suficiente para sus juegos y ratos de ocio.\u00a0<br><br>Unido al edificio principal, pero con salida al patio, el centro cuenta con un almac\u00e9n de material deportivo y el comedor escolar.<br>\u00a0<br>El centro cuenta con una escalera de incendios que permite la r\u00e1pida y eficaz evacuaci\u00f3n de la planta alta sin necesidad de bajar las escaleras de uso habitual. Esta infraestructura ha contribuido a mejorar la seguridad de nuestro alumnado, algo fundamental en todo momento para el claustro de profesores.\u00a0<br>\u00a0<br>En cuanto a los servicios, hay un total de cuatro de uso para el alumnado distribuidos de la siguiente forma. En la planta baja hay dos, usados para el alumnado de Infantil, aula espec\u00edfica y Primaria a la hora del recreo y en la planta alta otros dos exclusivos para el alumnado de Primaria durante las horas de clase. Por \u00faltimo, decir que para la comunicaci\u00f3n entre la parte baja y el alta hay tres escaleras que utiliza el alumnado de Primaria para acceder a sus respectivas aulas.<br><br><br><a href=\"https:\/\/blogsaverroes.juntadeandalucia.es\/juancaraballo\/files\/2015\/03\/escudo-andalucia.jpg\"><\/a><\/td><\/tr><\/tbody><\/table><\/figure>\n\n\n\n<h3 class=\"wp-block-heading\"><\/h3>\n\n\n\n<h3 class=\"wp-block-heading\">&nbsp;<\/h3>\n","protected":false},"excerpt":{"rendered":"<p>El colegio de Educaci\u00f3n Infantil y Primaria\u00a0Juan Caraballo\u00a0se encuentra ubicado en la Calle Gerardo Diego 3, de la localidad de Mairena del Alcor, municipio de la provincia de Sevilla.\u00a0Para nuestra tarea docente contamos con veinte aulas para las diferentes unidades, una sala de usos m\u00faltiples con un equipo de proyecci\u00f3n multimedia en formato de gran [&hellip;]<\/p>\n","protected":false},"author":1,"featured_media":0,"parent":0,"menu_order":0,"comment_status":"closed","ping_status":"closed","template":"","meta":{"footnotes":""},"class_list":["post-4068","page","type-page","status-publish","hentry"],"_links":{"self":[{"href":"http:\/\/juancaraballo.es\/index.php?rest_route=\/wp\/v2\/pages\/4068","targetHints":{"allow":["GET"]}}],"collection":[{"href":"http:\/\/juancaraballo.es\/index.php?rest_route=\/wp\/v2\/pages"}],"about":[{"href":"http:\/\/juancaraballo.es\/index.php?rest_route=\/wp\/v2\/types\/page"}],"author":[{"embeddable":true,"href":"http:\/\/juancaraballo.es\/index.php?rest_route=\/wp\/v2\/users\/1"}],"replies":[{"embeddable":true,"href":"http:\/\/juancaraballo.es\/index.php?rest_route=%2Fwp%2Fv2%2Fcomments&post=4068"}],"version-history":[{"count":8,"href":"http:\/\/juancaraballo.es\/index.php?rest_route=\/wp\/v2\/pages\/4068\/revisions"}],"predecessor-version":[{"id":8281,"href":"http:\/\/juancaraballo.es\/index.php?rest_route=\/wp\/v2\/pages\/4068\/revisions\/8281"}],"wp:attachment":[{"href":"http:\/\/juancaraballo.es\/index.php?rest_route=%2Fwp%2Fv2%2Fmedia&parent=4068"}],"curies":[{"name":"wp","href":"https:\/\/api.w.org\/{rel}","templated":true}]}}