{"id":3938,"date":"2020-08-27T06:35:14","date_gmt":"2020-08-27T06:35:14","guid":{"rendered":"http:\/\/juancaraballo.es\/?page_id=3938"},"modified":"2026-04-24T07:48:49","modified_gmt":"2026-04-24T07:48:49","slug":"novedades","status":"publish","type":"page","link":"http:\/\/juancaraballo.es\/?page_id=3938","title":{"rendered":"NOVEDADES"},"content":{"rendered":"\n<figure class=\"wp-block-table is-style-stripes\"><table><tbody><tr><td>24\/04\/2026<\/td><td class=\"has-text-align-center\" data-align=\"center\"><a href=\"https:\/\/juancaraballo.es\/?page_id=8536\">PLAN DE H\u00c1BITOS DE VIDA SALUDABLE<\/a><\/td><\/tr><tr><td>23\/04\/2026<\/td><td class=\"has-text-align-center\" data-align=\"center\"><a href=\"http:\/\/juancaraballo.es\/wp-content\/uploads\/2026\/04\/TERCER-TRIMESTRE-REUNION-FAMILIAS.pdf\">REUNIONES INFORMATIVAS TERCER TRIMESTRE<\/a><\/td><\/tr><tr><td>21\/04\/2026<\/td><td class=\"has-text-align-center\" data-align=\"center\"><a href=\"https:\/\/juancaraballo.es\/?page_id=8531\">HORARIO DE ATENCI\u00d3N EQUIPO DIRECTIVO<\/a><\/td><\/tr><tr><td>13\/04\/2026<\/td><td class=\"has-text-align-center\" data-align=\"center\"> <a href=\"https:\/\/juancaraballo.es\/?page_id=8524\">GANADORES CONCURSO CARTELES DE FERIA <\/a><\/td><\/tr><tr><td>20\/03\/2026<\/td><td class=\"has-text-align-center\" data-align=\"center\"><a href=\"http:\/\/juancaraballo.es\/wp-content\/uploads\/2026\/03\/ilovepdf_merged.pdf\">NORMATIVA AYUDAS INDIVIDUALIZADAS TRANSPORTE ESCOLAR<\/a><\/td><\/tr><tr><td>16\/03\/2026<\/td><td class=\"has-text-align-center\" data-align=\"center\"><a href=\"https:\/\/juancaraballo.es\/?page_id=8498\u2197\">TRANSFORMEMOS NUESTRA BIBLIOTECA<\/a><\/td><\/tr><tr><td>09\/03\/2026<\/td><td class=\"has-text-align-center\" data-align=\"center\"><a href=\"http:\/\/juancaraballo.es\/wp-content\/uploads\/2026\/03\/BOJA26-046-00002-3166-01_00334387.pdf\">INFORMACI\u00d3N AULA MATINAL, COMEDOR  Y ACTIVIDADES EXTRAESCOLARES<\/a><\/td><\/tr><tr><td>05\/03\/2026<\/td><td class=\"has-text-align-center\" data-align=\"center\"><a href=\"https:\/\/secretariavirtual.juntadeandalucia.es\/secretariavirtual\/?\">ACCESO A LA SECRETAR\u00cdA VIRTUAL<\/a> <\/td><\/tr><tr><td>05\/03\/2026<\/td><td class=\"has-text-align-center\" data-align=\"center\"><a href=\"https:\/\/juancaraballo.es\/?page_id=8487\">PROCESO ESCOLARIZACI\u00d3N CURSO 2026\/2027<\/a><\/td><\/tr><tr><td>03\/03\/2026<\/td><td class=\"has-text-align-center\" data-align=\"center\"><a href=\"http:\/\/juancaraballo.es\/wp-content\/uploads\/2026\/03\/IGUALDADBIBLIOTECA-8M.pdf\">PLAN DE IGUALDAD Y BIBLIOTECA ESCOLAR<\/a><\/td><\/tr><tr><td>01\/03\/2026<\/td><td class=\"has-text-align-center\" data-align=\"center\"><a href=\"http:\/\/juancaraballo.es\/wp-content\/uploads\/2026\/03\/CALENDARIO.pdf\">CALENDARIO DE ESCOLARIZACI\u00d3N CURSO 2026\/2027<\/a><\/td><\/tr><tr><td>01\/03\/2026<\/td><td class=\"has-text-align-center\" data-align=\"center\"><a href=\"http:\/\/juancaraballo.es\/wp-content\/uploads\/2026\/03\/CARTEL-INFORMACION-FECHA.pdf\">INFORMACI\u00d3N ESCOLARIZACI\u00d3N CURSO 2026\/2027<\/a><\/td><\/tr><tr><td>28\/02\/2026<\/td><td class=\"has-text-align-center\" data-align=\"center\"><a href=\"https:\/\/www.youtube.com\/watch?v=mtXLVhOLG_w\">INTERPRETACI\u00d3N DEL HIMNO DE ANDALUC\u00cdA<\/a><\/td><\/tr><tr><td>19\/02\/2026<\/td><td class=\"has-text-align-center\" data-align=\"center\"><a href=\"https:\/\/juancaraballo.es\/?page_id=8471\">INFORMACI\u00d3N USUARIOS SERVICIO COMEDOR ESCOLAR<\/a><\/td><\/tr><tr><td>17\/02\/2026<\/td><td class=\"has-text-align-center\" data-align=\"center\"><a href=\"https:\/\/juancaraballo.es\/?page_id=8464\u2197\">PLAN H\u00c1BITOS DE VIDA SALUDABLE<\/a><\/td><\/tr><tr><td>16\/02\/2026<\/td><td class=\"has-text-align-center\" data-align=\"center\"><a href=\"https:\/\/juancaraballo.es\/?page_id=8461\">26\/02 Y 27\/02 D\u00cdAS NO LECTIVOS <\/a><\/td><\/tr><tr><td>09\/02\/2026<\/td><td class=\"has-text-align-center\" data-align=\"center\"><a href=\"http:\/\/juancaraballo.es\/wp-content\/uploads\/2026\/02\/CEIP-JUAN-CARABALLO-MANFREDI-1.pdf\">JORNADA DE PUERTAS ABIERTAS<\/a><\/td><\/tr><tr><td>06\/02\/2026<\/td><td class=\"has-text-align-center\" data-align=\"center\"><a href=\"https:\/\/juancaraballo.es\/?page_id=8450\">NUEVO TEL\u00c9FONO DE CONTACTO DEL CENTRO<\/a><\/td><\/tr><tr><td>03\/02\/2026<\/td><td class=\"has-text-align-center\" data-align=\"center\"><a href=\"https:\/\/juancaraballo.es\/?page_id=8443\">SUSPENSI\u00d3N ACTIVIDAD LECTIVA PRESENCIAL 4 DE FEBRERO DE 2026<\/a><\/td><\/tr><tr><td>02\/02\/2026<\/td><td class=\"has-text-align-center\" data-align=\"center\"><a href=\"https:\/\/juancaraballo.es\/?page_id=8437\">CONVOCATORIA REUNIONES INSTITUTOS ALUMNADO DE SEXTO DE PRIMARIA<\/a><\/td><\/tr><tr><td>24\/01\/2025<\/td><td class=\"has-text-align-center\" data-align=\"center\"><a href=\"http:\/\/juancaraballo.es\/wp-content\/uploads\/2026\/01\/WhatsApp-Image-2026-01-23-at-09.52.12.jpeg\">SEMANA DE CARNAVAL EN EL COLE<\/a><\/td><\/tr><tr><td>22\/01\/2025<\/td><td class=\"has-text-align-center\" data-align=\"center\"><a href=\"https:\/\/juancaraballo.es\/?page_id=8427\">INFORMACI\u00d3N USUARIOS COMEDOR ESCOLAR<\/a><\/td><\/tr><tr><td>20\/01\/2025<\/td><td class=\"has-text-align-center\" data-align=\"center\"><a href=\"https:\/\/juancaraballo.es\/?page_id=8416\">MINUTO DE SILENCIO ACCIDENTE FERROVIARIO<\/a> <\/td><\/tr><tr><td>12\/01\/2025<\/td><td class=\"has-text-align-center\" data-align=\"center\"><a href=\"http:\/\/juancaraballo.es\/wp-content\/uploads\/2026\/01\/REUNION-INFORMATIVA-2o-TRIMESTRE.pdf\">REUNIONES INFORMATIVAS SEGUNDO TRIMESTRE<\/a><\/td><\/tr><tr><td>04\/11\/2025<\/td><td class=\"has-text-align-center\" data-align=\"center\"><a href=\"http:\/\/juancaraballo.es\/wp-content\/uploads\/2025\/11\/Informacion-familias.-Cobro-recibos-AULA-M.pdf\">INFORMACI\u00d3N A LAS FAMILIAS COBRO AULA MATINAL<\/a><\/td><\/tr><tr><td>30\/10\/2025<\/td><td class=\"has-text-align-center\" data-align=\"center\"><a href=\"http:\/\/juancaraballo.es\/wp-content\/uploads\/2025\/10\/SALIDAS-CASO-LLUVIA-.pdf\">NORMATIVA DE ENTRADAS Y SALIDAS EN D\u00cdAS DE LLUVIA<\/a><\/td><\/tr><tr><td>16\/10\/2025<\/td><td class=\"has-text-align-center\" data-align=\"center\"><a href=\"https:\/\/juancaraballo.es\/?page_id=8382\">ACCEDE A NUESTRO BLOG DE INGL\u00c9S<\/a><\/td><\/tr><tr><td>15\/10\/2025<\/td><td class=\"has-text-align-center\" data-align=\"center\"><a href=\"http:\/\/juancaraballo.es\/wp-content\/uploads\/2025\/10\/CARTEL-HALLOWEEN.pdf\">CELEBRAMOS HALLOWEEN EN NUESTRO COLE<\/a><\/td><\/tr><tr><td>06\/10\/2025<\/td><td class=\"has-text-align-center\" data-align=\"center\"><a href=\"https:\/\/juancaraballo.es\/?page_id=7907\">ATENCI\u00d3N DE INCIDENCIAS LIBROS DIGITALES<\/a><\/td><\/tr><tr><td>29\/09\/2025<\/td><td class=\"has-text-align-center\" data-align=\"center\"><a href=\"https:\/\/juancaraballo.es\/?page_id=8364\">HORARIO ATENCI\u00d3N EQUIPO DIRECTIVO<\/a> <\/td><\/tr><tr><td>26\/09\/2025<\/td><td class=\"has-text-align-center\" data-align=\"center\"><a href=\"https:\/\/juancaraballo.es\/?page_id=7189\">INSTRUCCIONES REGISTRO LIBROS DIGITALES SANTILLANA<\/a><\/td><\/tr><tr><td>22\/09\/2025<\/td><td class=\"has-text-align-center\" data-align=\"center\"> <a href=\"http:\/\/juancaraballo.es\/wp-content\/uploads\/2025\/09\/WhatsApp-Image-2025-09-22-at-09.34.35.jpeg\">REUNIONES INFORMATIVAS COMIENZO DE CURSO<\/a><\/td><\/tr><tr><td>19\/09\/2025<\/td><td class=\"has-text-align-center\" data-align=\"center\"><a href=\"https:\/\/juancaraballo.es\/?page_id=7866\">ACCESO A GOOGLE CLASSROOM<\/a><\/td><\/tr><tr><td>15\/09\/2025<\/td><td class=\"has-text-align-center\" data-align=\"center\"><a href=\"http:\/\/juancaraballo.es\/wp-content\/uploads\/2025\/09\/COMUNICADO-1.pdf\">INFORMACI\u00d3N USUARIOS COMEDOR ESCOLAR<\/a><\/td><\/tr><tr><td>08\/09\/2025<\/td><td class=\"has-text-align-center\" data-align=\"center\"><a href=\"http:\/\/juancaraballo.es\/wp-content\/uploads\/2025\/09\/abono-cuota.pdf\">INFORMACI\u00d3N AMPA COMIENZO DE CURSO<\/a><\/td><\/tr><tr><td>08\/09\/2025<\/td><td class=\"has-text-align-center\" data-align=\"center\"><a href=\"http:\/\/juancaraballo.es\/wp-content\/uploads\/2025\/09\/Documento-Bienvenida.pdf\">INFORMACI\u00d3N AULA MATINAL<\/a><\/td><\/tr><tr><td>08\/09\/2025<\/td><td class=\"has-text-align-center\" data-align=\"center\"><a href=\"http:\/\/juancaraballo.es\/wp-content\/uploads\/2025\/09\/Atenea.pdf\">INFORMACI\u00d3N ALTA PLATAFORMA ATENEA<\/a><\/td><\/tr><tr><td>08\/09\/2025<\/td><td class=\"has-text-align-center\" data-align=\"center\"><a href=\"https:\/\/juancaraballo.es\/?page_id=8320\">INFORMACI\u00d3N PRIMER D\u00cdA DE CLASE<\/a><\/td><\/tr><tr><td>05\/09\/2025<\/td><td class=\"has-text-align-center\" data-align=\"center\"><a href=\"http:\/\/juancaraballo.es\/wp-content\/uploads\/2025\/09\/Publicacion-Reunion-3-anos-a-AEEE.pdf\">REUNI\u00d3N INFORMATIVA INFANTIL 3 A\u00d1OS Y AULA ESPEC\u00cdFICA<\/a><\/td><\/tr><tr><td>05\/09\/2025<\/td><td class=\"has-text-align-center\" data-align=\"center\"><a href=\"http:\/\/juancaraballo.es\/wp-content\/uploads\/2025\/09\/CARTEL-DIA-DE-INICIO.pdf\">INFORMACI\u00d3N INICIO DE CURSO<\/a><\/td><\/tr><tr><td>01\/09\/2025<\/td><td class=\"has-text-align-center\" data-align=\"center\"><a href=\"http:\/\/juancaraballo.es\/?page_id=8294\">REUNI\u00d3N INFORMATIVA INFANTIL 3 A\u00d1OS Y AULA ESPEC\u00cdFICA<\/a><\/td><\/tr><tr><td>01\/09\/2025<\/td><td class=\"has-text-align-center\" data-align=\"center\"><a href=\"http:\/\/juancaraballo.es\/wp-content\/uploads\/2025\/09\/NORMAS-GENERALES-CURSO.pdf\">NORMAS GENERALES DEL CENTRO<\/a><\/td><\/tr><tr><td>01\/09\/2025<\/td><td class=\"has-text-align-center\" data-align=\"center\"><a href=\"http:\/\/juancaraballo.es\/wp-content\/uploads\/2025\/09\/CALENDARIO-25_26F.pdf\">CALENDARIO CURSO 2025\/2026<\/a><\/td><\/tr><tr><td>01\/09\/2025<\/td><td class=\"has-text-align-center\" data-align=\"center\"><a href=\"http:\/\/juancaraballo.es\/wp-content\/uploads\/2025\/06\/LISTAS-MATERIALES-2526.pdf\">LISTAS DE MATERIALES CURSO 2025\/2026<\/a><\/td><\/tr><tr><td>01\/09\/2025<\/td><td class=\"has-text-align-center\" data-align=\"center\"><a href=\"http:\/\/juancaraballo.es\/?page_id=4069\">EQUIPO DIRECTIVO CURSO 2025\/2026<\/a><\/td><\/tr><tr><td>01\/09\/2025<\/td><td class=\"has-text-align-center\" data-align=\"center\"><a href=\"https:\/\/juancaraballo.es\/?page_id=8266\">COMENZAMOS UN NUEVO CURSO<\/a><\/td><\/tr><\/tbody><\/table><\/figure>\n\n\n\n<p><\/p>\n","protected":false},"excerpt":{"rendered":"<p>24\/04\/2026 PLAN DE H\u00c1BITOS DE VIDA SALUDABLE 23\/04\/2026 REUNIONES INFORMATIVAS TERCER TRIMESTRE 21\/04\/2026 HORARIO DE ATENCI\u00d3N EQUIPO DIRECTIVO 13\/04\/2026 GANADORES CONCURSO CARTELES DE FERIA 20\/03\/2026 NORMATIVA AYUDAS INDIVIDUALIZADAS TRANSPORTE ESCOLAR 16\/03\/2026 TRANSFORMEMOS NUESTRA BIBLIOTECA 09\/03\/2026 INFORMACI\u00d3N AULA MATINAL, COMEDOR Y ACTIVIDADES EXTRAESCOLARES 05\/03\/2026 ACCESO A LA SECRETAR\u00cdA VIRTUAL 05\/03\/2026 PROCESO ESCOLARIZACI\u00d3N CURSO 2026\/2027 03\/03\/2026 PLAN [&hellip;]<\/p>\n","protected":false},"author":1,"featured_media":0,"parent":0,"menu_order":0,"comment_status":"closed","ping_status":"closed","template":"","meta":{"footnotes":""},"class_list":["post-3938","page","type-page","status-publish","hentry"],"_links":{"self":[{"href":"http:\/\/juancaraballo.es\/index.php?rest_route=\/wp\/v2\/pages\/3938","targetHints":{"allow":["GET"]}}],"collection":[{"href":"http:\/\/juancaraballo.es\/index.php?rest_route=\/wp\/v2\/pages"}],"about":[{"href":"http:\/\/juancaraballo.es\/index.php?rest_route=\/wp\/v2\/types\/page"}],"author":[{"embeddable":true,"href":"http:\/\/juancaraballo.es\/index.php?rest_route=\/wp\/v2\/users\/1"}],"replies":[{"embeddable":true,"href":"http:\/\/juancaraballo.es\/index.php?rest_route=%2Fwp%2Fv2%2Fcomments&post=3938"}],"version-history":[{"count":514,"href":"http:\/\/juancaraballo.es\/index.php?rest_route=\/wp\/v2\/pages\/3938\/revisions"}],"predecessor-version":[{"id":8538,"href":"http:\/\/juancaraballo.es\/index.php?rest_route=\/wp\/v2\/pages\/3938\/revisions\/8538"}],"wp:attachment":[{"href":"http:\/\/juancaraballo.es\/index.php?rest_route=%2Fwp%2Fv2%2Fmedia&parent=3938"}],"curies":[{"name":"wp","href":"https:\/\/api.w.org\/{rel}","templated":true}]}}